{"id":18,"date":"2017-10-09T18:36:56","date_gmt":"2017-10-09T16:36:56","guid":{"rendered":"http:\/\/www.vnucka.sk\/?page_id=18"},"modified":"2024-05-03T12:53:29","modified_gmt":"2024-05-03T10:53:29","slug":"pribeh","status":"publish","type":"page","link":"http:\/\/www.vnucka.sk\/index.php\/pribeh\/","title":{"rendered":"Pr\u00edbeh vnu\u010dky"},"content":{"rendered":"<div id=\"metaslider-id-1008\" style=\"max-width: 700px;\" class=\"ml-slider-3-27-13 metaslider metaslider-flex metaslider-1008 ml-slider\">\n    <div id=\"metaslider_container_1008\">\n        <div id=\"metaslider_1008\">\n            <ul aria-live=\"polite\" class=\"slides\">\n                <li style=\"display: block; width: 100%;\" class=\"slide-1224 ms-image\"><img src=\"http:\/\/www.vnucka.sk\/wp-content\/uploads\/2018\/10\/1-700x300.jpg\" height=\"300\" width=\"700\" alt=\"\" class=\"slider-1008 slide-1224\" title=\"1\" \/><\/li>\n                <li style=\"display: none; width: 100%;\" class=\"slide-1227 ms-image\"><img src=\"http:\/\/www.vnucka.sk\/wp-content\/uploads\/2018\/10\/20180525_180749-700x300.jpg\" height=\"300\" width=\"700\" alt=\"\" class=\"slider-1008 slide-1227\" title=\"20180525_180749\" \/><\/li>\n                <li style=\"display: none; width: 100%;\" class=\"slide-1225 ms-image\"><img src=\"http:\/\/www.vnucka.sk\/wp-content\/uploads\/2018\/10\/20171118_104257-700x300.jpg\" height=\"300\" width=\"700\" alt=\"\" class=\"slider-1008 slide-1225\" title=\"20171118_104257\" \/><\/li>\n                <li style=\"display: none; width: 100%;\" class=\"slide-1264 ms-image\"><img src=\"http:\/\/www.vnucka.sk\/wp-content\/uploads\/2017\/10\/IMG_5323-640x274.jpg\" height=\"300\" width=\"700\" alt=\"\" class=\"slider-1008 slide-1264\" title=\"IMG_5323\" \/><\/li>\n                <li style=\"display: none; width: 100%;\" class=\"slide-1230 ms-image\"><img src=\"http:\/\/www.vnucka.sk\/wp-content\/uploads\/2018\/10\/dedkomilan-700x300.jpg\" height=\"300\" width=\"700\" alt=\"\" class=\"slider-1008 slide-1230\" title=\"dedkomilan\" \/><\/li>\n                <li style=\"display: none; width: 100%;\" class=\"slide-1228 ms-image\"><img src=\"http:\/\/www.vnucka.sk\/wp-content\/uploads\/2018\/10\/20180607_144427-700x300.jpg\" height=\"300\" width=\"700\" alt=\"\" class=\"slider-1008 slide-1228\" title=\"20180607_144427\" \/><\/li>\n            <\/ul>\n        <\/div>\n        \n    <\/div>\n<\/div>\n<p><em>Projekt VNU\u010cKA.sk, ktor\u00fd in\u0161piruje \u013eud\u00ed vytv\u00e1ra\u0165 RODINU pre osamel\u00fdch seniorov, imobiln\u00fdch \u013eud\u00ed, \u010di pacientov prip\u00fatan\u00fdch na l\u00f4\u017eko, vznikol v roku 2017 v\u010faka rovnak\u00e9mu my\u0161lienkov\u00e9mu naladeniu, podobn\u00fdm sk\u00fasenostiam a prirodzenej potrebe by\u0165 prospe\u0161n\u00e1. <\/em>V janu\u00e1ri 2019 sme z\u00edskali najprest\u00ed\u017enej\u0161ie ocenenie za \u013eudsk\u00e9 sna\u017eenie v na\u0161ej krajine.<br \/>\nKri\u0161t\u00e1\u013eov\u00e9 kr\u00eddlo 2018 v kateg\u00f3rii filantropia &#8211; \u010eAKUJEME.<\/p>\n<p><em><img data-attachment-id=\"1749\" data-permalink=\"http:\/\/www.vnucka.sk\/index.php\/2019\/01\/29\/kristalove-kridlo-2018\/img_3152\/\" data-orig-file=\"http:\/\/www.vnucka.sk\/wp-content\/uploads\/2019\/01\/IMG_3152-e1548772824871.jpg\" data-orig-size=\"1500,1125\" data-comments-opened=\"0\" data-image-meta=\"{&quot;aperture&quot;:&quot;1.8&quot;,&quot;credit&quot;:&quot;&quot;,&quot;camera&quot;:&quot;iPhone 8&quot;,&quot;caption&quot;:&quot;&quot;,&quot;created_timestamp&quot;:&quot;1548630534&quot;,&quot;copyright&quot;:&quot;&quot;,&quot;focal_length&quot;:&quot;3.99&quot;,&quot;iso&quot;:&quot;80&quot;,&quot;shutter_speed&quot;:&quot;0.125&quot;,&quot;title&quot;:&quot;&quot;,&quot;orientation&quot;:&quot;1&quot;}\" data-image-title=\"IMG_3152\" data-image-description=\"\" data-image-caption=\"\" data-medium-file=\"http:\/\/www.vnucka.sk\/wp-content\/uploads\/2019\/01\/IMG_3152-300x225.jpg\" data-large-file=\"http:\/\/www.vnucka.sk\/wp-content\/uploads\/2019\/01\/IMG_3152-1024x768.jpg\" loading=\"lazy\" class=\"aligncenter size-full wp-image-1749\" src=\"http:\/\/www.vnucka.sk\/wp-content\/uploads\/2019\/01\/IMG_3152-e1548772824871.jpg\" alt=\"\" width=\"1500\" height=\"1125\" \/><\/em><\/p>\n<p><em><strong>Janka :<\/strong><br \/>\nMo\u017eno to bude znie\u0165 neuverite\u013ene, ale moju 70r. babku Annu, som spoznala a prv\u00fdkr\u00e1t nav\u0161t\u00edvila a\u017e vo svojich 28r. v roku 2014. Ka\u017ed\u00fd okamih s \u0148ou od roku 2014 je pre m\u0148a ve\u013ek\u00e1 in\u0161pir\u00e1cia. V\u017edy mi tak\u00e1to babka ch\u00fdbala. Spoznala som v\u010faka nej svet seniorov, ktor\u00fd je \u010dasto smutn\u00fd a opusten\u00fd. \u010co ma ve\u013emi te\u0161\u00ed, \u017ee moja mama, na\u0161la op\u00e4\u0165 cestu k svojej mame. Projekt VNU\u010cKA.SK je prirodzen\u00fdm pokra\u010dovan\u00edm m\u00f4jho pr\u00edbehu, v ktorom chcem zo seba da\u0165 to najlep\u0161ie.<br \/>\n<\/em><em><strong><br \/>\nNicole :<\/strong><br \/>\nKe\u010f som pri\u0161la na svet, z otcovej strany babka u\u017e ne\u017eila a dedka si nepam\u00e4t\u00e1m, lebo odi\u0161iel za \u0148ou ke\u010f som mala 3 roky. Rodi\u010dov mojej mamy teda dedka a babku som spoznala osobne a\u017e v mojej dospelosti. V roku 2016 som ukon\u010dila V\u0160 odbor soci\u00e1lna pr\u00e1ca a projekt VNU\u010cKA.SK je pre m\u0148a ve\u013ekou v\u00fdzvou a \u0161kolou z\u00e1rove\u0148, ako urobi\u0165 svet kraj\u0161\u00edm tam, kde z r\u00f4znych d\u00f4vodov nem\u00f4\u017eu by\u0165 rodinn\u00ed pr\u00edslu\u0161n\u00edci so svojim bl\u00edzkymi.<\/em><\/p>\n<p><em>\u00a0<\/em><\/p>\n<hr \/>\n<p style=\"text-align: right;\"><em> <div id=\"polls-3\" class=\"wp-polls\">\n\t<form id=\"polls_form_3\" class=\"wp-polls-form\" action=\"\/index.php\" method=\"post\">\n\t\t<p style=\"display: none;\"><input type=\"hidden\" id=\"poll_3_nonce\" name=\"wp-polls-nonce\" value=\"e7b1547ecd\" \/><\/p>\n\t\t<p style=\"display: none;\"><input type=\"hidden\" name=\"poll_id\" value=\"3\" \/><\/p>\n\t\t<p style=\"text-align: center\"><strong>Kde sa \u017eije seniorom najlep\u0161ie ?<\/strong><\/p><div id=\"polls-3-ans\" class=\"wp-polls-ans\"><ul class=\"wp-polls-ul\">\n\t\t<li><input type=\"radio\" id=\"poll-answer-10\" name=\"poll_3\" value=\"10\" \/> <label for=\"poll-answer-10\">sami vo vlastnom byte, dome - nez\u00e1vislos\u0165, sloboda<\/label><\/li>\n\t\t<li><input type=\"radio\" id=\"poll-answer-11\" name=\"poll_3\" value=\"11\" \/> <label for=\"poll-answer-11\">v domove pre seniorov - rovesn\u00edci, strava, starostlivos\u0165<\/label><\/li>\n\t\t<li><input type=\"radio\" id=\"poll-answer-12\" name=\"poll_3\" value=\"12\" \/> <label for=\"poll-answer-12\">kdeko\u013evek, ale so svojou rodinou - pokojn\u00e1 staroba<\/label><\/li>\n\t\t<li><input type=\"radio\" id=\"poll-answer-13\" name=\"poll_3\" value=\"13\" \/> <label for=\"poll-answer-13\">viacer\u00ed spolu ako mal\u00e1 komunita - vz\u00e1jomn\u00e1 pomoc<\/label><\/li>\n\t\t<\/ul>\r\n<p style=\"text-align: center\"><input type=\"button\" name=\"Hlasova\u0165\/Vote\" value=\"   Hlasova\u0165\/Vote   \" class=\"Buttons\" onclick=\"poll_vote(3);\" \/><\/p>\r\n<p style=\"text-align: center\"><a href=\"#ViewPollResults\" onclick=\"poll_result(3); return false;\" title=\"View Results Of This Poll\">Zobrazi\u0165 v\u00fdsledky\/Results<\/a><\/p>\r\n<\/div>\n\t<\/form>\n<\/div>\n<div id=\"polls-3-loading\" class=\"wp-polls-loading\"><img src=\"http:\/\/www.vnucka.sk\/wp-content\/plugins\/wp-polls\/images\/loading.gif\" width=\"16\" height=\"16\" alt=\"Loading ...\" title=\"Loading ...\" class=\"wp-polls-image\" \/>&nbsp;Loading ...<\/div>\n<br \/>\n<a href=\"http:\/\/www.vnucka.sk\/index.php\/galeria-fotovideo\/\">Referencie =&gt;<\/a><\/em><\/p>\n","protected":false},"excerpt":{"rendered":"<p>Projekt VNU\u010cKA.sk, ktor\u00fd in\u0161piruje \u013eud\u00ed vytv\u00e1ra\u0165 RODINU pre osamel\u00fdch seniorov, imobiln\u00fdch \u013eud\u00ed, \u010di pacientov prip\u00fatan\u00fdch na l\u00f4\u017eko, vznikol v roku 2017 v\u010faka rovnak\u00e9mu my\u0161lienkov\u00e9mu naladeniu, podobn\u00fdm sk\u00fasenostiam a prirodzenej potrebe by\u0165 prospe\u0161n\u00e1. V janu\u00e1ri 2019 sme z\u00edskali najprest\u00ed\u017enej\u0161ie ocenenie za &hellip;<\/p>\n<p class=\"read-more\"> <a class=\"\" href=\"http:\/\/www.vnucka.sk\/index.php\/pribeh\/\"> <span class=\"screen-reader-text\">Pr\u00edbeh vnu\u010dky<\/span> Read More &raquo;<\/a><\/p>\n","protected":false},"author":1,"featured_media":0,"parent":0,"menu_order":2,"comment_status":"closed","ping_status":"closed","template":"content-sidebar-page.php","meta":[],"jetpack_sharing_enabled":true,"jetpack_shortlink":"https:\/\/wp.me\/P9gi65-i","jetpack-related-posts":[{"id":22,"url":"http:\/\/www.vnucka.sk\/","url_meta":{"origin":18,"position":0},"title":"Vnu\u010dka.sk","date":"9. okt\u00f3bra 2017","format":false,"excerpt":"Jedine\u010dn\u00e1 kniha od autorky origin\u00e1lneho projektu\u00a0 PROFESION\u00c1LNA VNU\u010cKA - 224 str\u00e1n p\u00fatav\u00e9ho \u010d\u00edtania o t\u00e9me, ktor\u00e1 sa t\u00fdka n\u00e1s v\u0161etk\u00fdch a o ktorej doteraz nikto nep\u00edsal. Pr\u00edbehy pln\u00e9 \u017eivota, ale aj smrti, lebo tak\u00fd je poriadok sveta, ne\u013e\u00fatostne spravodliv\u00fd. Pasce osamelosti bez n\u00e1vratu, zlo\u017eitos\u0165 vz\u0165ahov naprie\u010d gener\u00e1ciami, elix\u00edr \u017eivota na\u2026","rel":"","context":"Podobn\u00fd pr\u00edspevok","img":{"alt_text":"","src":"https:\/\/i0.wp.com\/www.vnucka.sk\/wp-content\/uploads\/2019\/11\/74687728_1705243299610736_7918785921242103808_o.jpg?resize=350%2C200","width":350,"height":200},"classes":[]},{"id":19,"url":"http:\/\/www.vnucka.sk\/index.php\/akotofunguje\/","url_meta":{"origin":18,"position":1},"title":"Ako to funguje","date":"9. okt\u00f3bra 2017","format":false,"excerpt":"Jedn\u00e9ho d\u0148a zostarneme v\u0161etci, ak budeme ma\u0165 to \u0161\u0165astie. Soci\u00e1lny projekt VNU\u010cKA, ocenen\u00fd ako Soci\u00e1lny \u010din roku 2018 a Kri\u0161t\u00e1\u013eov\u00fdm kr\u00eddlom 2018 v oblasti filantropia, in\u0161piruje vytv\u00e1ra\u0165 rodinu pre osamel\u00fdch seniorov, aby sa nec\u00edtili opusten\u00ed a frustrovan\u00ed zo samoty, ktor\u00e1 m\u00f4\u017ee vznikn\u00fa\u0165 z r\u00f4znych d\u00f4vodov. Ma\u0165 pri sebe spo\u013eahliv\u00e9ho bl\u00edzkeho\u2026","rel":"","context":"Podobn\u00fd pr\u00edspevok","img":{"alt_text":"","src":"","width":0,"height":0},"classes":[]},{"id":895,"url":"http:\/\/www.vnucka.sk\/index.php\/vnucka-v-mediach\/","url_meta":{"origin":18,"position":2},"title":"M\u00e9dia o vnu\u010dke","date":"16. febru\u00e1ra 2018","format":false,"excerpt":"9. decembra 2021RTVS rel\u00e1cia Siln\u00e1 zostava na t\u00e9mu Starnutie s gr\u00e1ciou p\u00e1r slov aj za projekt Vnu\u010dkahttps:\/\/www.rtvs.sk\/televizia\/archiv\/15242\/29909126. okt\u00f3bra 2020B\u00e1novsk\u00e9 noviny - \u010dl\u00e1nok o aktivit\u00e1ch Vnu\u010dka.sk z pera \u0161\u00e9fredaktorky Aleny Borsz\u00e9kovejhttps:\/\/www.banovce.sk\/download_file_f.php?id=14095879. m\u00e1ja 2020Tren\u010dianske noviny - odpovede pre \u0161\u00e9fredaktora, ako funguje projekt po\u010das korona v\u00edrusuhttps:\/\/mytrencin.sme.sk\/c\/22400892\/stretnutia-so-seniormi-v-tejto-dobe-nahradili-telefonaty.html26.4.2020Noviny Pravda - ve\u013ek\u00e1 report\u00e1\u017e Martina Harvana o\u2026","rel":"","context":"Podobn\u00fd pr\u00edspevok","img":{"alt_text":"","src":"https:\/\/i0.wp.com\/www.vnucka.sk\/wp-content\/uploads\/2020\/01\/banovske_noviny22020.jpg?resize=350%2C200","width":350,"height":200},"classes":[]},{"id":20,"url":"http:\/\/www.vnucka.sk\/index.php\/podpora\/","url_meta":{"origin":18,"position":3},"title":"Podporte","date":"9. okt\u00f3bra 2017","format":false,"excerpt":"\u010d\u00edslo \u00fa\u010dtu : SK8383300000002401332830 FIO BANKA BIC SWIFT : FIOZSKBAXXX K\u00fapou jedine\u010dnej knihy Profesion\u00e1lna Vnu\u010dkaza Vami zvolen\u00fa cenu priamo od autorky, obdr\u017e\u00edte ju aj s podpisom a osobn\u00fdm venovan\u00edm. Objedna\u0165 si ju m\u00f4\u017eete emailom na\u00a0 janka@vnucka.sk Darovan\u00edm - aktu\u00e1lne by sme potrebovali ...- mobilu, tabletu, notebooku, po\u010d\u00edta\u010da, projektoru pre vzdel\u00e1vacie\u2026","rel":"","context":"Podobn\u00fd pr\u00edspevok","img":{"alt_text":"","src":"https:\/\/i0.wp.com\/www.vnucka.sk\/wp-content\/uploads\/2022\/02\/logoekostyle.jpg?resize=350%2C200","width":350,"height":200},"classes":[]},{"id":1195,"url":"http:\/\/www.vnucka.sk\/index.php\/ocenili-nas\/","url_meta":{"origin":18,"position":4},"title":"Ocenenia","date":"20. okt\u00f3bra 2018","format":false,"excerpt":"Laure\u00e1tka Kri\u0161t\u00e1\u013eov\u00e9ho kr\u00eddla 2018 v kateg\u00f3rii Filantropiahttp:\/\/www.vnucka.sk\/index.php\/2019\/01\/29\/kristalove-kridlo-2018\/ \u00a0","rel":"","context":"Podobn\u00fd pr\u00edspevok","img":{"alt_text":"","src":"https:\/\/i0.wp.com\/www.vnucka.sk\/wp-content\/uploads\/2019\/01\/laureati-1024x662.jpg?resize=350%2C200","width":350,"height":200},"classes":[]},{"id":88,"url":"http:\/\/www.vnucka.sk\/index.php\/galeria-fotovideo\/","url_meta":{"origin":18,"position":5},"title":"Referencie","date":"11. okt\u00f3bra 2017","format":false,"excerpt":"","rel":"","context":"Podobn\u00fd pr\u00edspevok","img":{"alt_text":"","src":"","width":0,"height":0},"classes":[]}],"jetpack_likes_enabled":false,"_links":{"self":[{"href":"http:\/\/www.vnucka.sk\/index.php\/wp-json\/wp\/v2\/pages\/18"}],"collection":[{"href":"http:\/\/www.vnucka.sk\/index.php\/wp-json\/wp\/v2\/pages"}],"about":[{"href":"http:\/\/www.vnucka.sk\/index.php\/wp-json\/wp\/v2\/types\/page"}],"author":[{"embeddable":true,"href":"http:\/\/www.vnucka.sk\/index.php\/wp-json\/wp\/v2\/users\/1"}],"replies":[{"embeddable":true,"href":"http:\/\/www.vnucka.sk\/index.php\/wp-json\/wp\/v2\/comments?post=18"}],"version-history":[{"count":67,"href":"http:\/\/www.vnucka.sk\/index.php\/wp-json\/wp\/v2\/pages\/18\/revisions"}],"predecessor-version":[{"id":2478,"href":"http:\/\/www.vnucka.sk\/index.php\/wp-json\/wp\/v2\/pages\/18\/revisions\/2478"}],"wp:attachment":[{"href":"http:\/\/www.vnucka.sk\/index.php\/wp-json\/wp\/v2\/media?parent=18"}],"curies":[{"name":"wp","href":"https:\/\/api.w.org\/{rel}","templated":true}]}}