{"id":1195,"date":"2018-10-20T18:06:41","date_gmt":"2018-10-20T16:06:41","guid":{"rendered":"http:\/\/www.vnucka.sk\/?page_id=1195"},"modified":"2024-05-03T13:34:43","modified_gmt":"2024-05-03T11:34:43","slug":"ocenili-nas","status":"publish","type":"page","link":"https:\/\/www.vnucka.sk\/index.php\/ocenili-nas\/","title":{"rendered":"Ocenenia"},"content":{"rendered":"\n<figure class=\"wp-block-image\"><img src=\"blob:http:\/\/www.vnucka.sk\/83b08dfb-4834-4aa8-a93f-5761d8db84bd\" alt=\"\"\/><\/figure>\n\n\n<p><div id=\"metaslider-id-1267\" style=\"max-width: 700px;\" class=\"ml-slider-3-27-13 metaslider metaslider-flex metaslider-1267 ml-slider\">\n    <div id=\"metaslider_container_1267\">\n        <div id=\"metaslider_1267\">\n            <ul aria-live=\"polite\" class=\"slides\">\n                <li style=\"display: block; width: 100%;\" class=\"slide-1502 ms-image\"><img src=\"https:\/\/www.vnucka.sk\/wp-content\/uploads\/2018\/12\/nominaciatextmoving-700x300.jpg\" height=\"300\" width=\"700\" alt=\"\" class=\"slider-1267 slide-1502\" title=\"nominaciatextmoving\" \/><\/li>\n                <li style=\"display: none; width: 100%;\" class=\"slide-1269 ms-image\"><img src=\"https:\/\/www.vnucka.sk\/wp-content\/uploads\/2018\/10\/IMG_9858-e1540052430453-700x300.jpg\" height=\"300\" width=\"700\" alt=\"\" class=\"slider-1267 slide-1269\" title=\"IMG_9858\" \/><\/li>\n                <li style=\"display: none; width: 100%;\" class=\"slide-1268 ms-image\"><img src=\"https:\/\/www.vnucka.sk\/wp-content\/uploads\/2018\/10\/44453501_334716413961763_5751492174675968000_n-678x290.jpg\" height=\"300\" width=\"700\" alt=\"\" class=\"slider-1267 slide-1268\" title=\"44453501_334716413961763_5751492174675968000_n\" \/><\/li>\n                <li style=\"display: none; width: 100%;\" class=\"slide-1272 ms-image\"><img src=\"https:\/\/www.vnucka.sk\/wp-content\/uploads\/2018\/10\/IMG_20181025_190742-700x300.jpg\" height=\"300\" width=\"700\" alt=\"\" class=\"slider-1267 slide-1272\" title=\"IMG_20181025_190742\" \/><\/li>\n                <li style=\"display: none; width: 100%;\" class=\"slide-1274 ms-image\"><img src=\"https:\/\/www.vnucka.sk\/wp-content\/uploads\/2018\/10\/43643474_330019064431498_528634543410774016_o-700x300.jpg\" height=\"300\" width=\"700\" alt=\"\" class=\"slider-1267 slide-1274\" title=\"43643474_330019064431498_528634543410774016_o\" \/><\/li>\n                <li style=\"display: none; width: 100%;\" class=\"slide-1501 ms-image\"><img src=\"https:\/\/www.vnucka.sk\/wp-content\/uploads\/2018\/12\/nominaciabeziacitext-609x261.jpg\" height=\"300\" width=\"700\" alt=\"\" class=\"slider-1267 slide-1501\" title=\"nominaciabeziacitext\" \/><\/li>\n                <li style=\"display: none; width: 100%;\" class=\"slide-1270 ms-image\"><img src=\"https:\/\/www.vnucka.sk\/wp-content\/uploads\/2018\/10\/44490421_334716327295105_5687632895817023488_n-700x300.jpg\" height=\"300\" width=\"700\" alt=\"\" class=\"slider-1267 slide-1270\" title=\"44490421_334716327295105_5687632895817023488_n\" \/><\/li>\n                <li style=\"display: none; width: 100%;\" class=\"slide-1276 ms-image\"><img src=\"https:\/\/www.vnucka.sk\/wp-content\/uploads\/2018\/10\/36711040_257031438396928_5934285720800722944_n-700x300.jpg\" height=\"300\" width=\"700\" alt=\"\" class=\"slider-1267 slide-1276\" title=\"36711040_257031438396928_5934285720800722944_n\" \/><\/li>\n            <\/ul>\n        <\/div>\n        \n    <\/div>\n<\/div><br \/><strong><br \/>Laure\u00e1tka Kri\u0161t\u00e1\u013eov\u00e9ho kr\u00eddla 2018 v kateg\u00f3rii Filantropia<br \/><a href=\"http:\/\/www.vnucka.sk\/index.php\/2019\/01\/29\/kristalove-kridlo-2018\/\" target=\"_blank\" rel=\"noopener noreferrer\">http:\/\/www.vnucka.sk\/index.php\/2019\/01\/29\/kristalove-kridlo-2018\/ <\/a><br \/><br \/><img data-attachment-id=\"1753\" data-permalink=\"https:\/\/www.vnucka.sk\/index.php\/2019\/01\/29\/kristalove-kridlo-2018\/laureati\/\" data-orig-file=\"https:\/\/www.vnucka.sk\/wp-content\/uploads\/2019\/01\/laureati.jpg\" data-orig-size=\"1560,1008\" data-comments-opened=\"0\" data-image-meta=\"{&quot;aperture&quot;:&quot;0&quot;,&quot;credit&quot;:&quot;Rene Miko&quot;,&quot;camera&quot;:&quot;&quot;,&quot;caption&quot;:&quot;&quot;,&quot;created_timestamp&quot;:&quot;0&quot;,&quot;copyright&quot;:&quot;Rene Miko&quot;,&quot;focal_length&quot;:&quot;0&quot;,&quot;iso&quot;:&quot;0&quot;,&quot;shutter_speed&quot;:&quot;0&quot;,&quot;title&quot;:&quot;&quot;,&quot;orientation&quot;:&quot;0&quot;}\" data-image-title=\"laureati\" data-image-description=\"\" data-image-caption=\"\" data-medium-file=\"https:\/\/www.vnucka.sk\/wp-content\/uploads\/2019\/01\/laureati-300x194.jpg\" data-large-file=\"https:\/\/www.vnucka.sk\/wp-content\/uploads\/2019\/01\/laureati-1024x662.jpg\" loading=\"lazy\" class=\"aligncenter size-large wp-image-1753\" src=\"http:\/\/www.vnucka.sk\/wp-content\/uploads\/2019\/01\/laureati-1024x662.jpg\" alt=\"\" width=\"605\" height=\"391\" srcset=\"https:\/\/www.vnucka.sk\/wp-content\/uploads\/2019\/01\/laureati-1024x662.jpg 1024w, https:\/\/www.vnucka.sk\/wp-content\/uploads\/2019\/01\/laureati-300x194.jpg 300w, https:\/\/www.vnucka.sk\/wp-content\/uploads\/2019\/01\/laureati-768x496.jpg 768w, https:\/\/www.vnucka.sk\/wp-content\/uploads\/2019\/01\/laureati-100x65.jpg 100w, https:\/\/www.vnucka.sk\/wp-content\/uploads\/2019\/01\/laureati-150x97.jpg 150w, https:\/\/www.vnucka.sk\/wp-content\/uploads\/2019\/01\/laureati-200x129.jpg 200w, https:\/\/www.vnucka.sk\/wp-content\/uploads\/2019\/01\/laureati-450x291.jpg 450w, https:\/\/www.vnucka.sk\/wp-content\/uploads\/2019\/01\/laureati-600x388.jpg 600w, https:\/\/www.vnucka.sk\/wp-content\/uploads\/2019\/01\/laureati-900x582.jpg 900w, https:\/\/www.vnucka.sk\/wp-content\/uploads\/2019\/01\/laureati.jpg 1560w\" sizes=\"(max-width: 605px) 100vw, 605px\" \/><img data-attachment-id=\"1748\" data-permalink=\"https:\/\/www.vnucka.sk\/index.php\/2019\/01\/29\/kristalove-kridlo-2018\/krist_kridlo_kolaz\/\" data-orig-file=\"https:\/\/www.vnucka.sk\/wp-content\/uploads\/2019\/01\/krist_kridlo_kolaz-e1548772512348.jpg\" data-orig-size=\"1500,1095\" data-comments-opened=\"0\" data-image-meta=\"{&quot;aperture&quot;:&quot;0&quot;,&quot;credit&quot;:&quot;static&quot;,&quot;camera&quot;:&quot;&quot;,&quot;caption&quot;:&quot;&quot;,&quot;created_timestamp&quot;:&quot;1548774703&quot;,&quot;copyright&quot;:&quot;&quot;,&quot;focal_length&quot;:&quot;0&quot;,&quot;iso&quot;:&quot;0&quot;,&quot;shutter_speed&quot;:&quot;0&quot;,&quot;title&quot;:&quot;&quot;,&quot;orientation&quot;:&quot;0&quot;}\" data-image-title=\"krist_kridlo_kolaz\" data-image-description=\"\" data-image-caption=\"\" data-medium-file=\"https:\/\/www.vnucka.sk\/wp-content\/uploads\/2019\/01\/krist_kridlo_kolaz-300x219.jpg\" data-large-file=\"https:\/\/www.vnucka.sk\/wp-content\/uploads\/2019\/01\/krist_kridlo_kolaz-1024x747.jpg\" loading=\"lazy\" class=\"aligncenter size-large wp-image-1748\" src=\"http:\/\/www.vnucka.sk\/wp-content\/uploads\/2019\/01\/krist_kridlo_kolaz-1024x747.jpg\" alt=\"\" width=\"605\" height=\"441\" \/><br \/><br \/><img data-attachment-id=\"1891\" data-permalink=\"https:\/\/www.vnucka.sk\/index.php\/ocenili-nas\/mirabilis_certifikat-2\/\" data-orig-file=\"https:\/\/www.vnucka.sk\/wp-content\/uploads\/2019\/07\/mirabilis_certifikat-1.jpg\" data-orig-size=\"1605,2322\" data-comments-opened=\"0\" data-image-meta=\"{&quot;aperture&quot;:&quot;0&quot;,&quot;credit&quot;:&quot;&quot;,&quot;camera&quot;:&quot;&quot;,&quot;caption&quot;:&quot;&quot;,&quot;created_timestamp&quot;:&quot;0&quot;,&quot;copyright&quot;:&quot;&quot;,&quot;focal_length&quot;:&quot;0&quot;,&quot;iso&quot;:&quot;0&quot;,&quot;shutter_speed&quot;:&quot;0&quot;,&quot;title&quot;:&quot;&quot;,&quot;orientation&quot;:&quot;0&quot;}\" data-image-title=\"mirabilis_certifikat\" data-image-description=\"\" data-image-caption=\"\" data-medium-file=\"https:\/\/www.vnucka.sk\/wp-content\/uploads\/2019\/07\/mirabilis_certifikat-1-207x300.jpg\" data-large-file=\"https:\/\/www.vnucka.sk\/wp-content\/uploads\/2019\/07\/mirabilis_certifikat-1-708x1024.jpg\" loading=\"lazy\" class=\"aligncenter size-large wp-image-1891\" src=\"http:\/\/www.vnucka.sk\/wp-content\/uploads\/2019\/07\/mirabilis_certifikat-1-708x1024.jpg\" alt=\"\" width=\"605\" height=\"875\" srcset=\"https:\/\/www.vnucka.sk\/wp-content\/uploads\/2019\/07\/mirabilis_certifikat-1-708x1024.jpg 708w, https:\/\/www.vnucka.sk\/wp-content\/uploads\/2019\/07\/mirabilis_certifikat-1-207x300.jpg 207w, https:\/\/www.vnucka.sk\/wp-content\/uploads\/2019\/07\/mirabilis_certifikat-1-768x1111.jpg 768w, https:\/\/www.vnucka.sk\/wp-content\/uploads\/2019\/07\/mirabilis_certifikat-1-100x145.jpg 100w, https:\/\/www.vnucka.sk\/wp-content\/uploads\/2019\/07\/mirabilis_certifikat-1-150x217.jpg 150w, https:\/\/www.vnucka.sk\/wp-content\/uploads\/2019\/07\/mirabilis_certifikat-1-200x289.jpg 200w, https:\/\/www.vnucka.sk\/wp-content\/uploads\/2019\/07\/mirabilis_certifikat-1-300x434.jpg 300w, https:\/\/www.vnucka.sk\/wp-content\/uploads\/2019\/07\/mirabilis_certifikat-1-450x651.jpg 450w, https:\/\/www.vnucka.sk\/wp-content\/uploads\/2019\/07\/mirabilis_certifikat-1-600x868.jpg 600w, https:\/\/www.vnucka.sk\/wp-content\/uploads\/2019\/07\/mirabilis_certifikat-1-900x1302.jpg 900w, https:\/\/www.vnucka.sk\/wp-content\/uploads\/2019\/07\/mirabilis_certifikat-1.jpg 1605w\" sizes=\"(max-width: 605px) 100vw, 605px\" \/><\/strong><\/p>\n<p><a href=\"http:\/\/www.vnucka.sk\/index.php\/2018\/10\/24\/vnucka-sk-je-ocenena-senior-friendly\/\" target=\"_blank\" rel=\"noopener noreferrer\"><img data-attachment-id=\"1210\" data-permalink=\"https:\/\/www.vnucka.sk\/index.php\/2018\/10\/24\/vnucka-sk-je-ocenena-senior-friendly\/44453501_334716413961763_5751492174675968000_n\/\" data-orig-file=\"https:\/\/www.vnucka.sk\/wp-content\/uploads\/2018\/10\/44453501_334716413961763_5751492174675968000_n.jpg\" data-orig-size=\"678,960\" data-comments-opened=\"1\" data-image-meta=\"{&quot;aperture&quot;:&quot;0&quot;,&quot;credit&quot;:&quot;&quot;,&quot;camera&quot;:&quot;&quot;,&quot;caption&quot;:&quot;&quot;,&quot;created_timestamp&quot;:&quot;0&quot;,&quot;copyright&quot;:&quot;&quot;,&quot;focal_length&quot;:&quot;0&quot;,&quot;iso&quot;:&quot;0&quot;,&quot;shutter_speed&quot;:&quot;0&quot;,&quot;title&quot;:&quot;&quot;,&quot;orientation&quot;:&quot;0&quot;}\" data-image-title=\"44453501_334716413961763_5751492174675968000_n\" data-image-description=\"\" data-image-caption=\"\" data-medium-file=\"https:\/\/www.vnucka.sk\/wp-content\/uploads\/2018\/10\/44453501_334716413961763_5751492174675968000_n-212x300.jpg\" data-large-file=\"https:\/\/www.vnucka.sk\/wp-content\/uploads\/2018\/10\/44453501_334716413961763_5751492174675968000_n.jpg\" loading=\"lazy\" class=\"aligncenter size-full wp-image-1210\" src=\"http:\/\/www.vnucka.sk\/wp-content\/uploads\/2018\/10\/44453501_334716413961763_5751492174675968000_n.jpg\" alt=\"\" width=\"678\" height=\"960\" srcset=\"https:\/\/www.vnucka.sk\/wp-content\/uploads\/2018\/10\/44453501_334716413961763_5751492174675968000_n.jpg 678w, https:\/\/www.vnucka.sk\/wp-content\/uploads\/2018\/10\/44453501_334716413961763_5751492174675968000_n-212x300.jpg 212w, https:\/\/www.vnucka.sk\/wp-content\/uploads\/2018\/10\/44453501_334716413961763_5751492174675968000_n-100x142.jpg 100w, https:\/\/www.vnucka.sk\/wp-content\/uploads\/2018\/10\/44453501_334716413961763_5751492174675968000_n-150x212.jpg 150w, https:\/\/www.vnucka.sk\/wp-content\/uploads\/2018\/10\/44453501_334716413961763_5751492174675968000_n-200x283.jpg 200w, https:\/\/www.vnucka.sk\/wp-content\/uploads\/2018\/10\/44453501_334716413961763_5751492174675968000_n-300x425.jpg 300w, https:\/\/www.vnucka.sk\/wp-content\/uploads\/2018\/10\/44453501_334716413961763_5751492174675968000_n-450x637.jpg 450w, https:\/\/www.vnucka.sk\/wp-content\/uploads\/2018\/10\/44453501_334716413961763_5751492174675968000_n-600x850.jpg 600w\" sizes=\"(max-width: 678px) 100vw, 678px\" \/><\/a><\/p>\n<p>\u00a0<\/p>\n<p><a href=\"http:\/\/www.vnucka.sk\/index.php\/2018\/06\/22\/11254x-sme-najlepsi-socialny-projekt-regionu\/\" target=\"_blank\" rel=\"noopener noreferrer\"><img data-attachment-id=\"1091\" data-permalink=\"https:\/\/www.vnucka.sk\/index.php\/2018\/06\/22\/11254x-sme-najlepsi-socialny-projekt-regionu\/vnucka_vyhra\/\" data-orig-file=\"https:\/\/www.vnucka.sk\/wp-content\/uploads\/2018\/06\/vnucka_vyhra.jpg\" data-orig-size=\"849,634\" data-comments-opened=\"1\" data-image-meta=\"{&quot;aperture&quot;:&quot;0&quot;,&quot;credit&quot;:&quot;&quot;,&quot;camera&quot;:&quot;&quot;,&quot;caption&quot;:&quot;&quot;,&quot;created_timestamp&quot;:&quot;0&quot;,&quot;copyright&quot;:&quot;&quot;,&quot;focal_length&quot;:&quot;0&quot;,&quot;iso&quot;:&quot;0&quot;,&quot;shutter_speed&quot;:&quot;0&quot;,&quot;title&quot;:&quot;&quot;,&quot;orientation&quot;:&quot;1&quot;}\" data-image-title=\"vnucka_vyhra\" data-image-description=\"\" data-image-caption=\"\" data-medium-file=\"https:\/\/www.vnucka.sk\/wp-content\/uploads\/2018\/06\/vnucka_vyhra-300x224.jpg\" data-large-file=\"https:\/\/www.vnucka.sk\/wp-content\/uploads\/2018\/06\/vnucka_vyhra.jpg\" loading=\"lazy\" class=\"aligncenter size-full wp-image-1091\" src=\"http:\/\/www.vnucka.sk\/wp-content\/uploads\/2018\/06\/vnucka_vyhra.jpg\" alt=\"\" width=\"849\" height=\"634\" srcset=\"https:\/\/www.vnucka.sk\/wp-content\/uploads\/2018\/06\/vnucka_vyhra.jpg 849w, https:\/\/www.vnucka.sk\/wp-content\/uploads\/2018\/06\/vnucka_vyhra-300x224.jpg 300w, https:\/\/www.vnucka.sk\/wp-content\/uploads\/2018\/06\/vnucka_vyhra-768x574.jpg 768w, https:\/\/www.vnucka.sk\/wp-content\/uploads\/2018\/06\/vnucka_vyhra-100x75.jpg 100w, https:\/\/www.vnucka.sk\/wp-content\/uploads\/2018\/06\/vnucka_vyhra-150x112.jpg 150w, https:\/\/www.vnucka.sk\/wp-content\/uploads\/2018\/06\/vnucka_vyhra-200x149.jpg 200w, https:\/\/www.vnucka.sk\/wp-content\/uploads\/2018\/06\/vnucka_vyhra-450x336.jpg 450w, https:\/\/www.vnucka.sk\/wp-content\/uploads\/2018\/06\/vnucka_vyhra-600x448.jpg 600w\" sizes=\"(max-width: 849px) 100vw, 849px\" \/><\/a><\/p>\n\n\n<figure class=\"wp-block-image\"><img alt=\"\"\/><\/figure>\n","protected":false},"excerpt":{"rendered":"<p>Laure\u00e1tka Kri\u0161t\u00e1\u013eov\u00e9ho kr\u00eddla 2018 v kateg\u00f3rii Filantropiahttp:\/\/www.vnucka.sk\/index.php\/2019\/01\/29\/kristalove-kridlo-2018\/ \u00a0<\/p>\n","protected":false},"author":1,"featured_media":0,"parent":0,"menu_order":8,"comment_status":"closed","ping_status":"closed","template":"content-sidebar-page.php","meta":[],"jetpack_sharing_enabled":true,"jetpack_shortlink":"https:\/\/wp.me\/P9gi65-jh","jetpack-related-posts":[],"jetpack_likes_enabled":false,"_links":{"self":[{"href":"https:\/\/www.vnucka.sk\/index.php\/wp-json\/wp\/v2\/pages\/1195"}],"collection":[{"href":"https:\/\/www.vnucka.sk\/index.php\/wp-json\/wp\/v2\/pages"}],"about":[{"href":"https:\/\/www.vnucka.sk\/index.php\/wp-json\/wp\/v2\/types\/page"}],"author":[{"embeddable":true,"href":"https:\/\/www.vnucka.sk\/index.php\/wp-json\/wp\/v2\/users\/1"}],"replies":[{"embeddable":true,"href":"https:\/\/www.vnucka.sk\/index.php\/wp-json\/wp\/v2\/comments?post=1195"}],"version-history":[{"count":18,"href":"https:\/\/www.vnucka.sk\/index.php\/wp-json\/wp\/v2\/pages\/1195\/revisions"}],"predecessor-version":[{"id":2486,"href":"https:\/\/www.vnucka.sk\/index.php\/wp-json\/wp\/v2\/pages\/1195\/revisions\/2486"}],"wp:attachment":[{"href":"https:\/\/www.vnucka.sk\/index.php\/wp-json\/wp\/v2\/media?parent=1195"}],"curies":[{"name":"wp","href":"https:\/\/api.w.org\/{rel}","templated":true}]}}