{"id":1363,"date":"2018-12-13T21:20:17","date_gmt":"2018-12-13T20:20:17","guid":{"rendered":"http:\/\/www.vnucka.sk\/?page_id=1363"},"modified":"2019-09-25T10:10:36","modified_gmt":"2019-09-25T08:10:36","slug":"our-story","status":"publish","type":"page","link":"https:\/\/www.vnucka.sk\/index.php\/en\/our-story\/","title":{"rendered":"Our story"},"content":{"rendered":"<p lang=\"en-US\"><div id=\"metaslider-id-1008\" style=\"max-width: 700px;\" class=\"ml-slider-3-27-13 metaslider metaslider-flex metaslider-1008 ml-slider\">\n    <div id=\"metaslider_container_1008\">\n        <div id=\"metaslider_1008\">\n            <ul aria-live=\"polite\" class=\"slides\">\n                <li style=\"display: block; width: 100%;\" class=\"slide-1224 ms-image\"><img src=\"https:\/\/www.vnucka.sk\/wp-content\/uploads\/2018\/10\/1-700x300.jpg\" height=\"300\" width=\"700\" alt=\"\" class=\"slider-1008 slide-1224\" title=\"1\" \/><\/li>\n                <li style=\"display: none; width: 100%;\" class=\"slide-1227 ms-image\"><img src=\"https:\/\/www.vnucka.sk\/wp-content\/uploads\/2018\/10\/20180525_180749-700x300.jpg\" height=\"300\" width=\"700\" alt=\"\" class=\"slider-1008 slide-1227\" title=\"20180525_180749\" \/><\/li>\n                <li style=\"display: none; width: 100%;\" class=\"slide-1225 ms-image\"><img src=\"https:\/\/www.vnucka.sk\/wp-content\/uploads\/2018\/10\/20171118_104257-700x300.jpg\" height=\"300\" width=\"700\" alt=\"\" class=\"slider-1008 slide-1225\" title=\"20171118_104257\" \/><\/li>\n                <li style=\"display: none; width: 100%;\" class=\"slide-1264 ms-image\"><img src=\"https:\/\/www.vnucka.sk\/wp-content\/uploads\/2017\/10\/IMG_5323-640x274.jpg\" height=\"300\" width=\"700\" alt=\"\" class=\"slider-1008 slide-1264\" title=\"IMG_5323\" \/><\/li>\n                <li style=\"display: none; width: 100%;\" class=\"slide-1230 ms-image\"><img src=\"https:\/\/www.vnucka.sk\/wp-content\/uploads\/2018\/10\/dedkomilan-700x300.jpg\" height=\"300\" width=\"700\" alt=\"\" class=\"slider-1008 slide-1230\" title=\"dedkomilan\" \/><\/li>\n                <li style=\"display: none; width: 100%;\" class=\"slide-1228 ms-image\"><img src=\"https:\/\/www.vnucka.sk\/wp-content\/uploads\/2018\/10\/20180607_144427-700x300.jpg\" height=\"300\" width=\"700\" alt=\"\" class=\"slider-1008 slide-1228\" title=\"20180607_144427\" \/><\/li>\n            <\/ul>\n        <\/div>\n        \n    <\/div>\n<\/div><\/p>\n<p lang=\"en-US\"><strong><em>Mgr. Janka Dani\u0161ov\u00e1 \u2013 founder \/ granddaughter<\/em><\/strong><br \/>\nIt seems unbelievable but I met my real grandmother Anna 70 year old only when I was 28. Any moment spent with her since that time in the year 2014 was a great inspiration for me. I did miss grandmother like this a lot. Through her I learned about the senior people world, many times sad and lonely. I am glad my mother found her way back to her mother. The GRANDMOTHER project is a natural continuation of my story where I want to give the best of me.<\/p>\n<p>The Granddaughter project, which creates a family for lonely senior people, handicapped people or bed confined patients was crated in the year 2017, as a product of similar way of thinking, similar experience and natural need to be beneficial.<\/p>\n<p lang=\"en-US\">The inspiration to be beneficial to the lonely senior people came to me earlier \u2013 in the august 2016 at the small family party. My real grandmother was that time visited by a lonely senior Tibor, who helped her for many days with the gardening to create the most beautiful garden in the neighborhood. The \u201cadopted\u201d grandfather was playing this role for about two years, and I enjoyed our talks very much. Week after the party he left us forever in the age of 76 years. With my real grandma Anka we started to visit her friends, who from different did not have much social contacts\u2026<\/p>\n<p lang=\"en-US\">Here comes to the scene my friend Nika. We created our NGO together and before that we organized sponsored children camps for the children of families living in poverty or children from the orphanage. Later we started to support the animal shelters too.<\/p>\n<p>We got Crystal wing award 2018 <span class=\"tlid-translation translation\" lang=\"en\"><span class=\"\" title=\"\">in the category of philanthropy<\/span><\/span> &#8211; Many thanks<\/p>\n<p><img data-attachment-id=\"1772\" data-permalink=\"https:\/\/www.vnucka.sk\/index.php\/en\/our-story\/img_3152-e1548772824871\/\" data-orig-file=\"https:\/\/www.vnucka.sk\/wp-content\/uploads\/2019\/02\/IMG_3152-e1548772824871.jpg\" data-orig-size=\"1500,1125\" data-comments-opened=\"0\" data-image-meta=\"{&quot;aperture&quot;:&quot;1.8&quot;,&quot;credit&quot;:&quot;&quot;,&quot;camera&quot;:&quot;iPhone 8&quot;,&quot;caption&quot;:&quot;&quot;,&quot;created_timestamp&quot;:&quot;1548630534&quot;,&quot;copyright&quot;:&quot;&quot;,&quot;focal_length&quot;:&quot;3.99&quot;,&quot;iso&quot;:&quot;80&quot;,&quot;shutter_speed&quot;:&quot;0.125&quot;,&quot;title&quot;:&quot;&quot;,&quot;orientation&quot;:&quot;1&quot;}\" data-image-title=\"IMG_3152-e1548772824871\" data-image-description=\"\" data-image-caption=\"\" data-medium-file=\"https:\/\/www.vnucka.sk\/wp-content\/uploads\/2019\/02\/IMG_3152-e1548772824871-300x225.jpg\" data-large-file=\"https:\/\/www.vnucka.sk\/wp-content\/uploads\/2019\/02\/IMG_3152-e1548772824871-1024x768.jpg\" loading=\"lazy\" class=\"aligncenter size-full wp-image-1772\" src=\"http:\/\/www.vnucka.sk\/wp-content\/uploads\/2019\/02\/IMG_3152-e1548772824871.jpg\" alt=\"\" width=\"1500\" height=\"1125\" srcset=\"https:\/\/www.vnucka.sk\/wp-content\/uploads\/2019\/02\/IMG_3152-e1548772824871.jpg 1500w, https:\/\/www.vnucka.sk\/wp-content\/uploads\/2019\/02\/IMG_3152-e1548772824871-300x225.jpg 300w, https:\/\/www.vnucka.sk\/wp-content\/uploads\/2019\/02\/IMG_3152-e1548772824871-768x576.jpg 768w, https:\/\/www.vnucka.sk\/wp-content\/uploads\/2019\/02\/IMG_3152-e1548772824871-1024x768.jpg 1024w, https:\/\/www.vnucka.sk\/wp-content\/uploads\/2019\/02\/IMG_3152-e1548772824871-100x75.jpg 100w, https:\/\/www.vnucka.sk\/wp-content\/uploads\/2019\/02\/IMG_3152-e1548772824871-150x113.jpg 150w, https:\/\/www.vnucka.sk\/wp-content\/uploads\/2019\/02\/IMG_3152-e1548772824871-200x150.jpg 200w, https:\/\/www.vnucka.sk\/wp-content\/uploads\/2019\/02\/IMG_3152-e1548772824871-450x338.jpg 450w, https:\/\/www.vnucka.sk\/wp-content\/uploads\/2019\/02\/IMG_3152-e1548772824871-600x450.jpg 600w, https:\/\/www.vnucka.sk\/wp-content\/uploads\/2019\/02\/IMG_3152-e1548772824871-900x675.jpg 900w\" sizes=\"(max-width: 1500px) 100vw, 1500px\" \/><\/p>\n<p lang=\"en-US\">\n","protected":false},"excerpt":{"rendered":"<p>Mgr. Janka Dani\u0161ov\u00e1 \u2013 founder \/ granddaughter It seems unbelievable but I met my real grandmother Anna 70 year old only when I was 28. Any moment spent with her since that time in the year 2014 was a great &hellip;<\/p>\n<p class=\"read-more\"> <a class=\"\" href=\"https:\/\/www.vnucka.sk\/index.php\/en\/our-story\/\"> <span class=\"screen-reader-text\">Our story<\/span> Read More &raquo;<\/a><\/p>\n","protected":false},"author":1,"featured_media":0,"parent":0,"menu_order":2,"comment_status":"closed","ping_status":"closed","template":"content-sidebar-page.php","meta":[],"jetpack_sharing_enabled":true,"jetpack_shortlink":"https:\/\/wp.me\/P9gi65-lZ","jetpack-related-posts":[{"id":1345,"url":"https:\/\/www.vnucka.sk\/index.php\/en\/home\/","url_meta":{"origin":1363,"position":0},"title":"Always to be close","date":"13. decembra 2018","format":false,"excerpt":"The GRANDDAUGHTER social project is creating a virtual family for the lonely senior adult people, for them not to feel lonely and frustrated from the solitude anymore, loneliness emerged from different reasons. To have a close, reliable person provides them salvation from gray days for the people living in solitude.\u2026","rel":"","context":"Podobn\u00fd pr\u00edspevok","img":{"alt_text":"","src":"https:\/\/i0.wp.com\/www.vnucka.sk\/wp-content\/uploads\/2019\/01\/laureati-1.jpg?resize=350%2C200","width":350,"height":200},"classes":[]},{"id":1369,"url":"https:\/\/www.vnucka.sk\/index.php\/en\/said-about-us\/","url_meta":{"origin":1363,"position":1},"title":"Told about us","date":"13. decembra 2018","format":false,"excerpt":"They wrote about us on social media in our country : a selection of comments from the Slovak version Ivan \u0161vejna I have got interested in the social project of Janka Dani\u0161ova \u2013 professional granddaughter recently. She is taking care of lonely senior citizen for about a year, and their\u2026","rel":"","context":"Podobn\u00fd pr\u00edspevok","img":{"alt_text":"","src":"","width":0,"height":0},"classes":[]},{"id":1360,"url":"https:\/\/www.vnucka.sk\/index.php\/en\/how-it-works\/","url_meta":{"origin":1363,"position":2},"title":"How it works","date":"13. decembra 2018","format":false,"excerpt":"The unique project GRANDDAUGHTER effectively solves the loneliness of the senior people, who are temporary or long term isolated from the community or socially isolated, for example the lone seniors, immobile or other ways handicapped people, so as the hospital patients or the patients bed confined at home. To eliminate\u2026","rel":"","context":"Podobn\u00fd pr\u00edspevok","img":{"alt_text":"","src":"https:\/\/i0.wp.com\/www.vnucka.sk\/wp-content\/uploads\/2018\/12\/navsteva_56rmanzelstva.jpg?resize=350%2C200","width":350,"height":200},"classes":[]},{"id":1367,"url":"https:\/\/www.vnucka.sk\/index.php\/en\/support-the-project\/","url_meta":{"origin":1363,"position":3},"title":"Support the project","date":"13. decembra 2018","format":false,"excerpt":"We become a part of the great LudiaLudom.sk portal, where you can support us. Please check our invitation at https:\/\/www.ludialudom.sk\/vyzvy\/5535 buy our excelent book \/ only slovak language \/ https:\/\/www.martinus.sk\/?uItem=688483 1. Adopt a virtually lonely senior citizen, immobile person or bed confined person and pay for the visiting services of\u2026","rel":"","context":"Podobn\u00fd pr\u00edspevok","img":{"alt_text":"","src":"https:\/\/i0.wp.com\/www.vnucka.sk\/wp-content\/uploads\/2018\/12\/ivan-svejna32_2.jpg?resize=350%2C200","width":350,"height":200},"classes":[]},{"id":1371,"url":"https:\/\/www.vnucka.sk\/index.php\/en\/media-coverage\/","url_meta":{"origin":1363,"position":4},"title":"Media coverage","date":"13. decembra 2018","format":false,"excerpt":"Slovak and Czech media : 15.2.2019 ZAPLOTOM.sk comment on loneliness https:\/\/www.zaplotom.sk\/aby-som-sa-necitila-osamela-staci-pritomnost-cloveka\/ 9.2.2019 School service \/ TASR - interview http:\/\/skolskyservis.teraz.sk\/stredne-skoly\/janka-danisova-z-banoviec-dostala-kri\/47292-clanok.html 6.2.2019 B\u00e1novsk\u00e9 noviny neswpaper about Crystal wing 2018 http:\/\/www.banovce.sk\/download_file_f.php?id=1085074 31.1.2019 Tren\u010dianske noviny - Newspaper regional https:\/\/mytrencin.sme.sk\/c\/22033518\/seniori-najviac-potrebuju-pozornost.html 17.12.2018 B\u00e1novsk\u00e9 noviny newspaper - Christmas poll with city figures http:\/\/www.banovce.sk\/download_file_f.php?id=1063265 18.11.2018 catholic radio LUMEN\u2026","rel":"","context":"Podobn\u00fd pr\u00edspevok","img":{"alt_text":"","src":"","width":0,"height":0},"classes":[]},{"id":1373,"url":"https:\/\/www.vnucka.sk\/index.php\/en\/awards\/","url_meta":{"origin":1363,"position":5},"title":"Awards","date":"13. decembra 2018","format":false,"excerpt":"7. feb 2019 Congratulations to win an award Crystal wing 2018 from international firm Jenewein Group 27 jan 2019 Iam a laureate Crystal wing 2018 ! more info http:\/\/www.vnucka.sk\/index.php\/en\/2019\/01\/29\/crystal-wing-2018\/ 17 dec 2018 nomination for a prestigious\u00a0philanthropic award Kri\u0161t\u00e1\u013eov\u00e9 kr\u00eddlo ( Crystal wing ) www.kristalovekridlo.sk 19 oct 2018 award from the\u2026","rel":"","context":"Podobn\u00fd pr\u00edspevok","img":{"alt_text":"","src":"https:\/\/i0.wp.com\/www.vnucka.sk\/wp-content\/uploads\/2019\/02\/jenewein_dakovny_list-1-710x1024.jpg?resize=350%2C200","width":350,"height":200},"classes":[]}],"jetpack_likes_enabled":false,"_links":{"self":[{"href":"https:\/\/www.vnucka.sk\/index.php\/wp-json\/wp\/v2\/pages\/1363"}],"collection":[{"href":"https:\/\/www.vnucka.sk\/index.php\/wp-json\/wp\/v2\/pages"}],"about":[{"href":"https:\/\/www.vnucka.sk\/index.php\/wp-json\/wp\/v2\/types\/page"}],"author":[{"embeddable":true,"href":"https:\/\/www.vnucka.sk\/index.php\/wp-json\/wp\/v2\/users\/1"}],"replies":[{"embeddable":true,"href":"https:\/\/www.vnucka.sk\/index.php\/wp-json\/wp\/v2\/comments?post=1363"}],"version-history":[{"count":13,"href":"https:\/\/www.vnucka.sk\/index.php\/wp-json\/wp\/v2\/pages\/1363\/revisions"}],"predecessor-version":[{"id":1945,"href":"https:\/\/www.vnucka.sk\/index.php\/wp-json\/wp\/v2\/pages\/1363\/revisions\/1945"}],"wp:attachment":[{"href":"https:\/\/www.vnucka.sk\/index.php\/wp-json\/wp\/v2\/media?parent=1363"}],"curies":[{"name":"wp","href":"https:\/\/api.w.org\/{rel}","templated":true}]}}