{"id":1369,"date":"2018-12-13T21:24:48","date_gmt":"2018-12-13T20:24:48","guid":{"rendered":"http:\/\/www.vnucka.sk\/?page_id=1369"},"modified":"2019-02-05T18:52:03","modified_gmt":"2019-02-05T17:52:03","slug":"said-about-us","status":"publish","type":"page","link":"https:\/\/www.vnucka.sk\/index.php\/en\/said-about-us\/","title":{"rendered":"Told about us"},"content":{"rendered":"<p><span lang=\"EN-US\">They wrote about us on social media in our country :<br \/>\n<\/span><span lang=\"en\">a selection of comments from the Slovak version<\/span><\/p>\n<p><b>Ivan \u0161vejna<br \/>\n<\/b>I have got interested in the social project of Janka Dani\u0161ova \u2013 professional granddaughter recently. She is taking care of lonely senior citizen for about a year, and their meetings are a source of joy and support for them. I decided to nominate her for the Social achievement of the year 2018 award, which she is true worthy. I am glad to be able to support her at the start of her voyage and to approach this beautiful idea to its implementation.<br \/>\nI am happy to support projects focused on senior citizen sincerely. My highest appreciation to Granddaughter Janka and her team for fulfilling this mission. It is following a noble goal to make the lives of our senior citizen people better and brighter.<\/p>\n<p lang=\"en-US\"><strong>Darina Veghova<\/strong><br \/>\nJanka I wish you love, health and smile in your private and professional life. It is needed to everyone without age difference.<\/p>\n<p lang=\"en-US\"><strong>Maria Michalova<\/strong><br \/>\nGrandaughter Janka, I like your idea but it is possible to act like you if there is a big heart, full of love, patience, understanding simply the sacrifice. I wish you the best.<\/p>\n<p lang=\"en-US\"><strong>Jan Sipka<\/strong><br \/>\nJanka You are douing a great work, I cross my fingers for you.<\/p>\n<p lang=\"en-US\"><strong>Jozef Skultety<\/strong><br \/>\nDear Janka, you are doing a meritorious deeds from your heart, don&#8217;t expect everyone will praise you for it. Everybody is self concerned, watching after himself so somebody don&#8217;t know his brother. You ignore these people and follow your goal of your good soul. Every lonely being put aside by his children to survive in loneliness will welcome your visit very much. Your good word, respect and love is your award. Many lonely people are waiting for this opportunity, not receiving it from their own children as a parent raising them up, gave them education is now left alone. It is a Christmas time, holiday of goodness, help, kindness and humility when we should put our thoughts to the good deeds of our granddaughter Janka so we cheer up our lonely ones. Dear Janka I wish you a pleasant Christmas time, good health a lot of energy to your next goo deeds oh help to the lonely people.<\/p>\n<p lang=\"en-US\"><strong>Slavom\u00edr Pie\u0161\u0165ansk\u00fd<\/strong><br \/>\nJanka I cheer you admire your energy which you spread to these people.<\/p>\n<p lang=\"en-US\"><strong>M\u00e1ria Pol\u00e1kov\u00e1<\/strong><br \/>\nJanka I cheer you a lot, you are a nice young lady, who is doing something from the own heart, which is uncommon and respectable<\/p>\n<p lang=\"en-US\"><strong>Magda Be\u0148ov\u00e1<\/strong><br \/>\nYou are a good spirit, please continue, wish you very best.<\/p>\n<p lang=\"en-US\"><b>Jaroslav Libi\u010d<br \/>\n<\/b>Janka, your undisputable work for us the senior people is priceless, so I can wish you many strenghts in your effort. Thank you very much.<\/p>\n<p lang=\"en-US\"><b>Edita Slabejov\u00e1<br \/>\n<\/b>Janka!!! That is amazing! I am glad for you. Your wor is beautifull and I Know you are following the right path. You are an inspiration for the rest of us. Good Luck.<\/p>\n<p lang=\"en-US\"><b>\u017divot na z\u00e1mku Hlohovec<br \/>\n<\/b>Amazing what are you doing! You deserve a real respect. It is not only to spread a happiness but a big responsibility. We will support you for sure. Our senior citizen in Hlohovec elected a senior parliament, it would be nice to hear your ideas there. Would you like tom accept an invitation for discussion? We are wishing you many nice moments at your important work.<\/p>\n<p lang=\"en-US\"><b>Petra \u017dwakov\u00e1<br \/>\n<\/b>God bless Your service. And He surely does, it is amazing.<\/p>\n<p lang=\"en-US\"><b>Jana Bielick\u00e1<br \/>\n<\/b>Janinka it is superb. .. you are amazing, I wish you best of luck and energy.<\/p>\n<p lang=\"en-US\"><b>Gaby Boorov\u00e1<br \/>\n<\/b>Janka I admire you a lot. You are an example for all of us, that if somebody wants to help with right heart, the correct way is found. The senior people deserve our time, attention and love for sure.<\/p>\n<p lang=\"en-US\"><b>Irenka Herchov\u00e1<br \/>\n<\/b> Janka I&#8217;m honored and pleased to become a friend and admirer of your beautifull project. I wish you good health, many strengths, endurance and God blessings on your journey to many successful goals.<\/p>\n<p lang=\"en-US\"><b>Mestsk\u00e9 centrum soci\u00e1lnych slu\u017eieb Modra<br \/>\n<\/b>What a great project! It complements the senior care ideally. Our caregivers are mostly focesed on the health and to provide the specific service omitting the companion role. We are glad for support of volunteer and Pedagogic academy Modra students. Lets join us girls ! It is the ideal way for all righthearted people to find a place to be helpful and to spread goodwill.<\/p>\n<p><span style=\"color: #ff0000;\"><em><strong>We would be glad for your opinion to email janka@vnucka.sk<br \/>\n<\/strong><\/em><\/span><\/p>\n","protected":false},"excerpt":{"rendered":"<p>They wrote about us on social media in our country : a selection of comments from the Slovak version Ivan \u0161vejna I have got interested in the social project of Janka Dani\u0161ova \u2013 professional granddaughter recently. She is taking care &hellip;<\/p>\n<p class=\"read-more\"> <a class=\"\" href=\"https:\/\/www.vnucka.sk\/index.php\/en\/said-about-us\/\"> <span class=\"screen-reader-text\">Told about us<\/span> Read More &raquo;<\/a><\/p>\n","protected":false},"author":1,"featured_media":0,"parent":0,"menu_order":5,"comment_status":"closed","ping_status":"closed","template":"content-sidebar-page.php","meta":[],"jetpack_sharing_enabled":true,"jetpack_shortlink":"https:\/\/wp.me\/P9gi65-m5","jetpack-related-posts":[{"id":1360,"url":"https:\/\/www.vnucka.sk\/index.php\/en\/how-it-works\/","url_meta":{"origin":1369,"position":0},"title":"How it works","date":"13. decembra 2018","format":false,"excerpt":"The unique project GRANDDAUGHTER effectively solves the loneliness of the senior people, who are temporary or long term isolated from the community or socially isolated, for example the lone seniors, immobile or other ways handicapped people, so as the hospital patients or the patients bed confined at home. To eliminate\u2026","rel":"","context":"Podobn\u00fd pr\u00edspevok","img":{"alt_text":"","src":"https:\/\/i0.wp.com\/www.vnucka.sk\/wp-content\/uploads\/2018\/12\/navsteva_56rmanzelstva.jpg?resize=350%2C200","width":350,"height":200},"classes":[]},{"id":1367,"url":"https:\/\/www.vnucka.sk\/index.php\/en\/support-the-project\/","url_meta":{"origin":1369,"position":1},"title":"Support the project","date":"13. decembra 2018","format":false,"excerpt":"We become a part of the great LudiaLudom.sk portal, where you can support us. Please check our invitation at https:\/\/www.ludialudom.sk\/vyzvy\/5535 buy our excelent book \/ only slovak language \/ https:\/\/www.martinus.sk\/?uItem=688483 1. Adopt a virtually lonely senior citizen, immobile person or bed confined person and pay for the visiting services of\u2026","rel":"","context":"Podobn\u00fd pr\u00edspevok","img":{"alt_text":"","src":"https:\/\/i0.wp.com\/www.vnucka.sk\/wp-content\/uploads\/2018\/12\/ivan-svejna32_2.jpg?resize=350%2C200","width":350,"height":200},"classes":[]},{"id":1371,"url":"https:\/\/www.vnucka.sk\/index.php\/en\/media-coverage\/","url_meta":{"origin":1369,"position":2},"title":"Media coverage","date":"13. decembra 2018","format":false,"excerpt":"Slovak and Czech media : 15.2.2019 ZAPLOTOM.sk comment on loneliness https:\/\/www.zaplotom.sk\/aby-som-sa-necitila-osamela-staci-pritomnost-cloveka\/ 9.2.2019 School service \/ TASR - interview http:\/\/skolskyservis.teraz.sk\/stredne-skoly\/janka-danisova-z-banoviec-dostala-kri\/47292-clanok.html 6.2.2019 B\u00e1novsk\u00e9 noviny neswpaper about Crystal wing 2018 http:\/\/www.banovce.sk\/download_file_f.php?id=1085074 31.1.2019 Tren\u010dianske noviny - Newspaper regional https:\/\/mytrencin.sme.sk\/c\/22033518\/seniori-najviac-potrebuju-pozornost.html 17.12.2018 B\u00e1novsk\u00e9 noviny newspaper - Christmas poll with city figures http:\/\/www.banovce.sk\/download_file_f.php?id=1063265 18.11.2018 catholic radio LUMEN\u2026","rel":"","context":"Podobn\u00fd pr\u00edspevok","img":{"alt_text":"","src":"","width":0,"height":0},"classes":[]},{"id":1345,"url":"https:\/\/www.vnucka.sk\/index.php\/en\/home\/","url_meta":{"origin":1369,"position":3},"title":"Always to be close","date":"13. decembra 2018","format":false,"excerpt":"The GRANDDAUGHTER social project is creating a virtual family for the lonely senior adult people, for them not to feel lonely and frustrated from the solitude anymore, loneliness emerged from different reasons. To have a close, reliable person provides them salvation from gray days for the people living in solitude.\u2026","rel":"","context":"Podobn\u00fd pr\u00edspevok","img":{"alt_text":"","src":"https:\/\/i0.wp.com\/www.vnucka.sk\/wp-content\/uploads\/2019\/01\/laureati-1.jpg?resize=350%2C200","width":350,"height":200},"classes":[]},{"id":1363,"url":"https:\/\/www.vnucka.sk\/index.php\/en\/our-story\/","url_meta":{"origin":1369,"position":4},"title":"Our story","date":"13. decembra 2018","format":false,"excerpt":"Mgr. Janka Dani\u0161ov\u00e1 \u2013 founder \/ granddaughter It seems unbelievable but I met my real grandmother Anna 70 year old only when I was 28. Any moment spent with her since that time in the year 2014 was a great inspiration for me. I did miss grandmother like this a\u2026","rel":"","context":"Podobn\u00fd pr\u00edspevok","img":{"alt_text":"","src":"https:\/\/i0.wp.com\/www.vnucka.sk\/wp-content\/uploads\/2019\/02\/IMG_3152-e1548772824871.jpg?resize=350%2C200","width":350,"height":200},"classes":[]},{"id":1373,"url":"https:\/\/www.vnucka.sk\/index.php\/en\/awards\/","url_meta":{"origin":1369,"position":5},"title":"Awards","date":"13. decembra 2018","format":false,"excerpt":"7. feb 2019 Congratulations to win an award Crystal wing 2018 from international firm Jenewein Group 27 jan 2019 Iam a laureate Crystal wing 2018 ! more info http:\/\/www.vnucka.sk\/index.php\/en\/2019\/01\/29\/crystal-wing-2018\/ 17 dec 2018 nomination for a prestigious\u00a0philanthropic award Kri\u0161t\u00e1\u013eov\u00e9 kr\u00eddlo ( Crystal wing ) www.kristalovekridlo.sk 19 oct 2018 award from the\u2026","rel":"","context":"Podobn\u00fd pr\u00edspevok","img":{"alt_text":"","src":"https:\/\/i0.wp.com\/www.vnucka.sk\/wp-content\/uploads\/2019\/02\/jenewein_dakovny_list-1-710x1024.jpg?resize=350%2C200","width":350,"height":200},"classes":[]}],"jetpack_likes_enabled":false,"_links":{"self":[{"href":"https:\/\/www.vnucka.sk\/index.php\/wp-json\/wp\/v2\/pages\/1369"}],"collection":[{"href":"https:\/\/www.vnucka.sk\/index.php\/wp-json\/wp\/v2\/pages"}],"about":[{"href":"https:\/\/www.vnucka.sk\/index.php\/wp-json\/wp\/v2\/types\/page"}],"author":[{"embeddable":true,"href":"https:\/\/www.vnucka.sk\/index.php\/wp-json\/wp\/v2\/users\/1"}],"replies":[{"embeddable":true,"href":"https:\/\/www.vnucka.sk\/index.php\/wp-json\/wp\/v2\/comments?post=1369"}],"version-history":[{"count":9,"href":"https:\/\/www.vnucka.sk\/index.php\/wp-json\/wp\/v2\/pages\/1369\/revisions"}],"predecessor-version":[{"id":1775,"href":"https:\/\/www.vnucka.sk\/index.php\/wp-json\/wp\/v2\/pages\/1369\/revisions\/1775"}],"wp:attachment":[{"href":"https:\/\/www.vnucka.sk\/index.php\/wp-json\/wp\/v2\/media?parent=1369"}],"curies":[{"name":"wp","href":"https:\/\/api.w.org\/{rel}","templated":true}]}}