{"id":1373,"date":"2018-12-13T21:27:33","date_gmt":"2018-12-13T20:27:33","guid":{"rendered":"http:\/\/www.vnucka.sk\/?page_id=1373"},"modified":"2019-02-07T17:45:14","modified_gmt":"2019-02-07T16:45:14","slug":"awards","status":"publish","type":"page","link":"https:\/\/www.vnucka.sk\/index.php\/en\/awards\/","title":{"rendered":"Awards"},"content":{"rendered":"<div id=\"metaslider-id-1267\" style=\"max-width: 700px;\" class=\"ml-slider-3-27-13 metaslider metaslider-flex metaslider-1267 ml-slider\">\n    <div id=\"metaslider_container_1267\">\n        <div id=\"metaslider_1267\">\n            <ul aria-live=\"polite\" class=\"slides\">\n                <li style=\"display: block; width: 100%;\" class=\"slide-1502 ms-image\"><img src=\"https:\/\/www.vnucka.sk\/wp-content\/uploads\/2018\/12\/nominaciatextmoving-700x300.jpg\" height=\"300\" width=\"700\" alt=\"\" class=\"slider-1267 slide-1502\" title=\"nominaciatextmoving\" \/><\/li>\n                <li style=\"display: none; width: 100%;\" class=\"slide-1269 ms-image\"><img src=\"https:\/\/www.vnucka.sk\/wp-content\/uploads\/2018\/10\/IMG_9858-e1540052430453-700x300.jpg\" height=\"300\" width=\"700\" alt=\"\" class=\"slider-1267 slide-1269\" title=\"IMG_9858\" \/><\/li>\n                <li style=\"display: none; width: 100%;\" class=\"slide-1268 ms-image\"><img src=\"https:\/\/www.vnucka.sk\/wp-content\/uploads\/2018\/10\/44453501_334716413961763_5751492174675968000_n-678x290.jpg\" height=\"300\" width=\"700\" alt=\"\" class=\"slider-1267 slide-1268\" title=\"44453501_334716413961763_5751492174675968000_n\" \/><\/li>\n                <li style=\"display: none; width: 100%;\" class=\"slide-1272 ms-image\"><img src=\"https:\/\/www.vnucka.sk\/wp-content\/uploads\/2018\/10\/IMG_20181025_190742-700x300.jpg\" height=\"300\" width=\"700\" alt=\"\" class=\"slider-1267 slide-1272\" title=\"IMG_20181025_190742\" \/><\/li>\n                <li style=\"display: none; width: 100%;\" class=\"slide-1274 ms-image\"><img src=\"https:\/\/www.vnucka.sk\/wp-content\/uploads\/2018\/10\/43643474_330019064431498_528634543410774016_o-700x300.jpg\" height=\"300\" width=\"700\" alt=\"\" class=\"slider-1267 slide-1274\" title=\"43643474_330019064431498_528634543410774016_o\" \/><\/li>\n                <li style=\"display: none; width: 100%;\" class=\"slide-1501 ms-image\"><img src=\"https:\/\/www.vnucka.sk\/wp-content\/uploads\/2018\/12\/nominaciabeziacitext-609x261.jpg\" height=\"300\" width=\"700\" alt=\"\" class=\"slider-1267 slide-1501\" title=\"nominaciabeziacitext\" \/><\/li>\n                <li style=\"display: none; width: 100%;\" class=\"slide-1270 ms-image\"><img src=\"https:\/\/www.vnucka.sk\/wp-content\/uploads\/2018\/10\/44490421_334716327295105_5687632895817023488_n-700x300.jpg\" height=\"300\" width=\"700\" alt=\"\" class=\"slider-1267 slide-1270\" title=\"44490421_334716327295105_5687632895817023488_n\" \/><\/li>\n                <li style=\"display: none; width: 100%;\" class=\"slide-1276 ms-image\"><img src=\"https:\/\/www.vnucka.sk\/wp-content\/uploads\/2018\/10\/36711040_257031438396928_5934285720800722944_n-700x300.jpg\" height=\"300\" width=\"700\" alt=\"\" class=\"slider-1267 slide-1276\" title=\"36711040_257031438396928_5934285720800722944_n\" \/><\/li>\n            <\/ul>\n        <\/div>\n        \n    <\/div>\n<\/div>\n<p>7. feb 2019<br \/>\nCongratulations to win an award Crystal wing 2018 from international firm Jenewein Group<br \/>\n<img data-attachment-id=\"1788\" data-permalink=\"https:\/\/www.vnucka.sk\/index.php\/en\/awards\/jenewein_dakovny_list-2\/\" data-orig-file=\"https:\/\/www.vnucka.sk\/wp-content\/uploads\/2019\/02\/jenewein_dakovny_list-1.jpg\" data-orig-size=\"1216,1755\" data-comments-opened=\"0\" data-image-meta=\"{&quot;aperture&quot;:&quot;0&quot;,&quot;credit&quot;:&quot;&quot;,&quot;camera&quot;:&quot;&quot;,&quot;caption&quot;:&quot;&quot;,&quot;created_timestamp&quot;:&quot;0&quot;,&quot;copyright&quot;:&quot;&quot;,&quot;focal_length&quot;:&quot;0&quot;,&quot;iso&quot;:&quot;0&quot;,&quot;shutter_speed&quot;:&quot;0&quot;,&quot;title&quot;:&quot;&quot;,&quot;orientation&quot;:&quot;0&quot;}\" data-image-title=\"jenewein_dakovny_list\" data-image-description=\"\" data-image-caption=\"\" data-medium-file=\"https:\/\/www.vnucka.sk\/wp-content\/uploads\/2019\/02\/jenewein_dakovny_list-1-208x300.jpg\" data-large-file=\"https:\/\/www.vnucka.sk\/wp-content\/uploads\/2019\/02\/jenewein_dakovny_list-1-710x1024.jpg\" loading=\"lazy\" class=\"aligncenter size-large wp-image-1788\" src=\"http:\/\/www.vnucka.sk\/wp-content\/uploads\/2019\/02\/jenewein_dakovny_list-1-710x1024.jpg\" alt=\"\" width=\"605\" height=\"873\" srcset=\"https:\/\/www.vnucka.sk\/wp-content\/uploads\/2019\/02\/jenewein_dakovny_list-1-710x1024.jpg 710w, https:\/\/www.vnucka.sk\/wp-content\/uploads\/2019\/02\/jenewein_dakovny_list-1-208x300.jpg 208w, https:\/\/www.vnucka.sk\/wp-content\/uploads\/2019\/02\/jenewein_dakovny_list-1-768x1108.jpg 768w, https:\/\/www.vnucka.sk\/wp-content\/uploads\/2019\/02\/jenewein_dakovny_list-1-100x144.jpg 100w, https:\/\/www.vnucka.sk\/wp-content\/uploads\/2019\/02\/jenewein_dakovny_list-1-150x216.jpg 150w, https:\/\/www.vnucka.sk\/wp-content\/uploads\/2019\/02\/jenewein_dakovny_list-1-200x289.jpg 200w, https:\/\/www.vnucka.sk\/wp-content\/uploads\/2019\/02\/jenewein_dakovny_list-1-300x433.jpg 300w, https:\/\/www.vnucka.sk\/wp-content\/uploads\/2019\/02\/jenewein_dakovny_list-1-450x649.jpg 450w, https:\/\/www.vnucka.sk\/wp-content\/uploads\/2019\/02\/jenewein_dakovny_list-1-600x866.jpg 600w, https:\/\/www.vnucka.sk\/wp-content\/uploads\/2019\/02\/jenewein_dakovny_list-1-900x1299.jpg 900w, https:\/\/www.vnucka.sk\/wp-content\/uploads\/2019\/02\/jenewein_dakovny_list-1.jpg 1216w\" sizes=\"(max-width: 605px) 100vw, 605px\" \/><\/p>\n<p>27 jan 2019<br \/>\nIam a laureate Crystal wing 2018 !<br \/>\nmore info <a href=\"http:\/\/www.vnucka.sk\/index.php\/en\/2019\/01\/29\/crystal-wing-2018\/\" target=\"_blank\" rel=\"noopener\">http:\/\/www.vnucka.sk\/index.php\/en\/2019\/01\/29\/crystal-wing-2018\/<\/a><\/p>\n<p><img data-attachment-id=\"1757\" data-permalink=\"https:\/\/www.vnucka.sk\/index.php\/en\/2019\/01\/29\/crystal-wing-2018\/laureati-2\/\" data-orig-file=\"https:\/\/www.vnucka.sk\/wp-content\/uploads\/2019\/01\/laureati-1.jpg\" data-orig-size=\"1560,1008\" data-comments-opened=\"0\" data-image-meta=\"{&quot;aperture&quot;:&quot;0&quot;,&quot;credit&quot;:&quot;Rene Miko&quot;,&quot;camera&quot;:&quot;&quot;,&quot;caption&quot;:&quot;&quot;,&quot;created_timestamp&quot;:&quot;0&quot;,&quot;copyright&quot;:&quot;Rene Miko&quot;,&quot;focal_length&quot;:&quot;0&quot;,&quot;iso&quot;:&quot;0&quot;,&quot;shutter_speed&quot;:&quot;0&quot;,&quot;title&quot;:&quot;&quot;,&quot;orientation&quot;:&quot;0&quot;}\" data-image-title=\"laureati\" data-image-description=\"\" data-image-caption=\"\" data-medium-file=\"https:\/\/www.vnucka.sk\/wp-content\/uploads\/2019\/01\/laureati-1-300x194.jpg\" data-large-file=\"https:\/\/www.vnucka.sk\/wp-content\/uploads\/2019\/01\/laureati-1-1024x662.jpg\" loading=\"lazy\" class=\"aligncenter size-full wp-image-1757\" src=\"http:\/\/www.vnucka.sk\/wp-content\/uploads\/2019\/01\/laureati-1.jpg\" alt=\"\" width=\"1560\" height=\"1008\" srcset=\"https:\/\/www.vnucka.sk\/wp-content\/uploads\/2019\/01\/laureati-1.jpg 1560w, https:\/\/www.vnucka.sk\/wp-content\/uploads\/2019\/01\/laureati-1-300x194.jpg 300w, https:\/\/www.vnucka.sk\/wp-content\/uploads\/2019\/01\/laureati-1-768x496.jpg 768w, https:\/\/www.vnucka.sk\/wp-content\/uploads\/2019\/01\/laureati-1-1024x662.jpg 1024w, https:\/\/www.vnucka.sk\/wp-content\/uploads\/2019\/01\/laureati-1-100x65.jpg 100w, https:\/\/www.vnucka.sk\/wp-content\/uploads\/2019\/01\/laureati-1-150x97.jpg 150w, https:\/\/www.vnucka.sk\/wp-content\/uploads\/2019\/01\/laureati-1-200x129.jpg 200w, https:\/\/www.vnucka.sk\/wp-content\/uploads\/2019\/01\/laureati-1-450x291.jpg 450w, https:\/\/www.vnucka.sk\/wp-content\/uploads\/2019\/01\/laureati-1-600x388.jpg 600w, https:\/\/www.vnucka.sk\/wp-content\/uploads\/2019\/01\/laureati-1-900x582.jpg 900w\" sizes=\"(max-width: 1560px) 100vw, 1560px\" \/><\/p>\n<p><em><strong>17 dec 2018<br \/>\nnomination for a prestigious\u00a0<span lang=\"en\">philanthropic <\/span>award Kri\u0161t\u00e1\u013eov\u00e9 kr\u00eddlo ( Crystal wing )<br \/>\n<\/strong><a href=\"http:\/\/www.kristalovekridlo.sk\" target=\"_blank\" rel=\"noopener\">www.kristalovekridlo.sk<\/a><strong><br \/>\n<\/strong><\/em><img data-attachment-id=\"1490\" data-permalink=\"https:\/\/www.vnucka.sk\/index.php\/en\/awards\/nominaciakk-2\/\" data-orig-file=\"https:\/\/www.vnucka.sk\/wp-content\/uploads\/2018\/12\/nominaciaKK-1-e1545069201455.jpg\" data-orig-size=\"600,866\" data-comments-opened=\"0\" data-image-meta=\"{&quot;aperture&quot;:&quot;0&quot;,&quot;credit&quot;:&quot;&quot;,&quot;camera&quot;:&quot;&quot;,&quot;caption&quot;:&quot;&quot;,&quot;created_timestamp&quot;:&quot;0&quot;,&quot;copyright&quot;:&quot;&quot;,&quot;focal_length&quot;:&quot;0&quot;,&quot;iso&quot;:&quot;0&quot;,&quot;shutter_speed&quot;:&quot;0&quot;,&quot;title&quot;:&quot;&quot;,&quot;orientation&quot;:&quot;0&quot;}\" data-image-title=\"nominaciaKK\" data-image-description=\"\" data-image-caption=\"\" data-medium-file=\"https:\/\/www.vnucka.sk\/wp-content\/uploads\/2018\/12\/nominaciaKK-1-208x300.jpg\" data-large-file=\"https:\/\/www.vnucka.sk\/wp-content\/uploads\/2018\/12\/nominaciaKK-1-710x1024.jpg\" loading=\"lazy\" class=\"size-full wp-image-1490 alignleft\" src=\"http:\/\/www.vnucka.sk\/wp-content\/uploads\/2018\/12\/nominaciaKK-1-e1545069201455.jpg\" alt=\"\" width=\"600\" height=\"866\" \/><\/p>\n<p><em><strong>19 oct 2018 <\/strong><\/em><br \/>\n<span lang=\"en\"><em><strong>award from<\/strong> <\/em><\/span><strong><em><span lang=\"en\">the biggest <\/span><\/em><\/strong><span lang=\"en\"><em><strong>senior organizations Bagar, Luna<\/strong><\/em> <img data-attachment-id=\"1493\" data-permalink=\"https:\/\/www.vnucka.sk\/index.php\/en\/awards\/seniorfriendly\/\" data-orig-file=\"https:\/\/www.vnucka.sk\/wp-content\/uploads\/2018\/12\/seniorfriendly.jpg\" data-orig-size=\"678,960\" data-comments-opened=\"0\" data-image-meta=\"{&quot;aperture&quot;:&quot;0&quot;,&quot;credit&quot;:&quot;&quot;,&quot;camera&quot;:&quot;&quot;,&quot;caption&quot;:&quot;&quot;,&quot;created_timestamp&quot;:&quot;0&quot;,&quot;copyright&quot;:&quot;&quot;,&quot;focal_length&quot;:&quot;0&quot;,&quot;iso&quot;:&quot;0&quot;,&quot;shutter_speed&quot;:&quot;0&quot;,&quot;title&quot;:&quot;&quot;,&quot;orientation&quot;:&quot;0&quot;}\" data-image-title=\"seniorfriendly\" data-image-description=\"\" data-image-caption=\"\" data-medium-file=\"https:\/\/www.vnucka.sk\/wp-content\/uploads\/2018\/12\/seniorfriendly-212x300.jpg\" data-large-file=\"https:\/\/www.vnucka.sk\/wp-content\/uploads\/2018\/12\/seniorfriendly.jpg\" loading=\"lazy\" class=\"size-full wp-image-1493 alignleft\" src=\"http:\/\/www.vnucka.sk\/wp-content\/uploads\/2018\/12\/seniorfriendly.jpg\" alt=\"\" width=\"678\" height=\"960\" srcset=\"https:\/\/www.vnucka.sk\/wp-content\/uploads\/2018\/12\/seniorfriendly.jpg 678w, https:\/\/www.vnucka.sk\/wp-content\/uploads\/2018\/12\/seniorfriendly-212x300.jpg 212w, https:\/\/www.vnucka.sk\/wp-content\/uploads\/2018\/12\/seniorfriendly-100x142.jpg 100w, https:\/\/www.vnucka.sk\/wp-content\/uploads\/2018\/12\/seniorfriendly-150x212.jpg 150w, https:\/\/www.vnucka.sk\/wp-content\/uploads\/2018\/12\/seniorfriendly-200x283.jpg 200w, https:\/\/www.vnucka.sk\/wp-content\/uploads\/2018\/12\/seniorfriendly-300x425.jpg 300w, https:\/\/www.vnucka.sk\/wp-content\/uploads\/2018\/12\/seniorfriendly-450x637.jpg 450w, https:\/\/www.vnucka.sk\/wp-content\/uploads\/2018\/12\/seniorfriendly-600x850.jpg 600w\" sizes=\"(max-width: 678px) 100vw, 678px\" \/><a href=\"http:\/\/www.vnucka.sk\/index.php\/en\/2018\/10\/24\/senior-friendly-award\/\" target=\"_blank\" rel=\"noopener\"><em><strong>&gt;&gt; more info &gt;&gt;<\/strong><\/em><\/a><\/span><\/p>\n<p>&nbsp;<\/p>\n<p><span lang=\"en\"><br \/>\n<em><strong>10 oct 2018<\/strong><\/em><br \/>\n<em><strong> the best social action of the year 2018 ( the Government of the Slovak Republic<\/strong><\/em><em><strong>\u00a0)<\/strong><\/em> <a href=\"https:\/\/www.employment.gov.sk\/en\/\" target=\"_blank\" rel=\"noopener\">https:\/\/www.employment.gov.sk\/en\/<\/a><br \/>\n<a href=\"http:\/\/www.vnucka.sk\/index.php\/en\/2018\/10\/10\/social-action-of-the-year-2018-award\/\" target=\"_blank\" rel=\"noopener\"><em><strong>&gt;&gt; more info &gt;&gt;<\/strong><\/em><\/a><br \/>\n<img data-attachment-id=\"1494\" data-permalink=\"https:\/\/www.vnucka.sk\/index.php\/en\/awards\/socialnycinroka2018\/\" data-orig-file=\"https:\/\/www.vnucka.sk\/wp-content\/uploads\/2018\/12\/socialnycinroka2018.jpg\" data-orig-size=\"750,1000\" data-comments-opened=\"0\" data-image-meta=\"{&quot;aperture&quot;:&quot;0&quot;,&quot;credit&quot;:&quot;&quot;,&quot;camera&quot;:&quot;&quot;,&quot;caption&quot;:&quot;&quot;,&quot;created_timestamp&quot;:&quot;0&quot;,&quot;copyright&quot;:&quot;&quot;,&quot;focal_length&quot;:&quot;0&quot;,&quot;iso&quot;:&quot;0&quot;,&quot;shutter_speed&quot;:&quot;0&quot;,&quot;title&quot;:&quot;&quot;,&quot;orientation&quot;:&quot;0&quot;}\" data-image-title=\"socialnycinroka2018\" data-image-description=\"\" data-image-caption=\"\" data-medium-file=\"https:\/\/www.vnucka.sk\/wp-content\/uploads\/2018\/12\/socialnycinroka2018-225x300.jpg\" data-large-file=\"https:\/\/www.vnucka.sk\/wp-content\/uploads\/2018\/12\/socialnycinroka2018.jpg\" loading=\"lazy\" class=\"size-full wp-image-1494 alignleft\" src=\"http:\/\/www.vnucka.sk\/wp-content\/uploads\/2018\/12\/socialnycinroka2018.jpg\" alt=\"\" width=\"750\" height=\"1000\" srcset=\"https:\/\/www.vnucka.sk\/wp-content\/uploads\/2018\/12\/socialnycinroka2018.jpg 750w, https:\/\/www.vnucka.sk\/wp-content\/uploads\/2018\/12\/socialnycinroka2018-225x300.jpg 225w, https:\/\/www.vnucka.sk\/wp-content\/uploads\/2018\/12\/socialnycinroka2018-100x133.jpg 100w, https:\/\/www.vnucka.sk\/wp-content\/uploads\/2018\/12\/socialnycinroka2018-150x200.jpg 150w, https:\/\/www.vnucka.sk\/wp-content\/uploads\/2018\/12\/socialnycinroka2018-200x267.jpg 200w, https:\/\/www.vnucka.sk\/wp-content\/uploads\/2018\/12\/socialnycinroka2018-300x400.jpg 300w, https:\/\/www.vnucka.sk\/wp-content\/uploads\/2018\/12\/socialnycinroka2018-450x600.jpg 450w, https:\/\/www.vnucka.sk\/wp-content\/uploads\/2018\/12\/socialnycinroka2018-600x800.jpg 600w\" sizes=\"(max-width: 750px) 100vw, 750px\" \/><br \/>\n<\/span><\/p>\n<p><em><strong>22 june 2018<br \/>\n<\/strong><\/em><span lang=\"en\"><em><strong>the best social project in the region ( Foundation Pontis \/ Tesco )<br \/>\n<\/strong><a href=\"https:\/\/www.nadaciapontis.sk\/\" target=\"_blank\" rel=\"noopener\">https:\/\/www.nadaciapontis.sk\/<\/a><br \/>\n<a href=\"http:\/\/www.vnucka.sk\/index.php\/en\/2018\/06\/22\/we-are-11254-times-the-best-regional-social-project\/\" target=\"_blank\" rel=\"noopener\"><strong>&gt;&gt; more info &gt;&gt;<\/strong><\/a><\/em><\/span><\/p>\n<p><img data-attachment-id=\"1497\" data-permalink=\"https:\/\/www.vnucka.sk\/index.php\/en\/awards\/vnucka_vyhra_pontis\/\" data-orig-file=\"https:\/\/www.vnucka.sk\/wp-content\/uploads\/2018\/12\/vnucka_vyhra_pontis.jpg\" data-orig-size=\"849,634\" data-comments-opened=\"0\" data-image-meta=\"{&quot;aperture&quot;:&quot;0&quot;,&quot;credit&quot;:&quot;&quot;,&quot;camera&quot;:&quot;&quot;,&quot;caption&quot;:&quot;&quot;,&quot;created_timestamp&quot;:&quot;0&quot;,&quot;copyright&quot;:&quot;&quot;,&quot;focal_length&quot;:&quot;0&quot;,&quot;iso&quot;:&quot;0&quot;,&quot;shutter_speed&quot;:&quot;0&quot;,&quot;title&quot;:&quot;&quot;,&quot;orientation&quot;:&quot;1&quot;}\" data-image-title=\"vnucka_vyhra_pontis\" data-image-description=\"\" data-image-caption=\"\" data-medium-file=\"https:\/\/www.vnucka.sk\/wp-content\/uploads\/2018\/12\/vnucka_vyhra_pontis-300x224.jpg\" data-large-file=\"https:\/\/www.vnucka.sk\/wp-content\/uploads\/2018\/12\/vnucka_vyhra_pontis.jpg\" loading=\"lazy\" class=\"aligncenter size-full wp-image-1497\" src=\"http:\/\/www.vnucka.sk\/wp-content\/uploads\/2018\/12\/vnucka_vyhra_pontis.jpg\" alt=\"\" width=\"849\" height=\"634\" srcset=\"https:\/\/www.vnucka.sk\/wp-content\/uploads\/2018\/12\/vnucka_vyhra_pontis.jpg 849w, https:\/\/www.vnucka.sk\/wp-content\/uploads\/2018\/12\/vnucka_vyhra_pontis-300x224.jpg 300w, https:\/\/www.vnucka.sk\/wp-content\/uploads\/2018\/12\/vnucka_vyhra_pontis-768x574.jpg 768w, https:\/\/www.vnucka.sk\/wp-content\/uploads\/2018\/12\/vnucka_vyhra_pontis-100x75.jpg 100w, https:\/\/www.vnucka.sk\/wp-content\/uploads\/2018\/12\/vnucka_vyhra_pontis-150x112.jpg 150w, https:\/\/www.vnucka.sk\/wp-content\/uploads\/2018\/12\/vnucka_vyhra_pontis-200x149.jpg 200w, https:\/\/www.vnucka.sk\/wp-content\/uploads\/2018\/12\/vnucka_vyhra_pontis-450x336.jpg 450w, https:\/\/www.vnucka.sk\/wp-content\/uploads\/2018\/12\/vnucka_vyhra_pontis-600x448.jpg 600w\" sizes=\"(max-width: 849px) 100vw, 849px\" \/><\/p>\n","protected":false},"excerpt":{"rendered":"<p>7. feb 2019 Congratulations to win an award Crystal wing 2018 from international firm Jenewein Group 27 jan 2019 Iam a laureate Crystal wing 2018 ! more info http:\/\/www.vnucka.sk\/index.php\/en\/2019\/01\/29\/crystal-wing-2018\/ 17 dec 2018 nomination for a prestigious\u00a0philanthropic award Kri\u0161t\u00e1\u013eov\u00e9 kr\u00eddlo ( &hellip;<\/p>\n<p class=\"read-more\"> <a class=\"\" href=\"https:\/\/www.vnucka.sk\/index.php\/en\/awards\/\"> <span class=\"screen-reader-text\">Awards<\/span> Read More &raquo;<\/a><\/p>\n","protected":false},"author":1,"featured_media":0,"parent":0,"menu_order":8,"comment_status":"closed","ping_status":"closed","template":"content-sidebar-page.php","meta":[],"jetpack_sharing_enabled":true,"jetpack_shortlink":"https:\/\/wp.me\/P9gi65-m9","jetpack-related-posts":[{"id":1345,"url":"https:\/\/www.vnucka.sk\/index.php\/en\/home\/","url_meta":{"origin":1373,"position":0},"title":"Always to be close","date":"13. decembra 2018","format":false,"excerpt":"The GRANDDAUGHTER social project is creating a virtual family for the lonely senior adult people, for them not to feel lonely and frustrated from the solitude anymore, loneliness emerged from different reasons. To have a close, reliable person provides them salvation from gray days for the people living in solitude.\u2026","rel":"","context":"Podobn\u00fd pr\u00edspevok","img":{"alt_text":"","src":"https:\/\/i0.wp.com\/www.vnucka.sk\/wp-content\/uploads\/2019\/01\/laureati-1.jpg?resize=350%2C200","width":350,"height":200},"classes":[]},{"id":1363,"url":"https:\/\/www.vnucka.sk\/index.php\/en\/our-story\/","url_meta":{"origin":1373,"position":1},"title":"Our story","date":"13. decembra 2018","format":false,"excerpt":"Mgr. Janka Dani\u0161ov\u00e1 \u2013 founder \/ granddaughter It seems unbelievable but I met my real grandmother Anna 70 year old only when I was 28. Any moment spent with her since that time in the year 2014 was a great inspiration for me. I did miss grandmother like this a\u2026","rel":"","context":"Podobn\u00fd pr\u00edspevok","img":{"alt_text":"","src":"https:\/\/i0.wp.com\/www.vnucka.sk\/wp-content\/uploads\/2019\/02\/IMG_3152-e1548772824871.jpg?resize=350%2C200","width":350,"height":200},"classes":[]},{"id":1371,"url":"https:\/\/www.vnucka.sk\/index.php\/en\/media-coverage\/","url_meta":{"origin":1373,"position":2},"title":"Media coverage","date":"13. decembra 2018","format":false,"excerpt":"Slovak and Czech media : 15.2.2019 ZAPLOTOM.sk comment on loneliness https:\/\/www.zaplotom.sk\/aby-som-sa-necitila-osamela-staci-pritomnost-cloveka\/ 9.2.2019 School service \/ TASR - interview http:\/\/skolskyservis.teraz.sk\/stredne-skoly\/janka-danisova-z-banoviec-dostala-kri\/47292-clanok.html 6.2.2019 B\u00e1novsk\u00e9 noviny neswpaper about Crystal wing 2018 http:\/\/www.banovce.sk\/download_file_f.php?id=1085074 31.1.2019 Tren\u010dianske noviny - Newspaper regional https:\/\/mytrencin.sme.sk\/c\/22033518\/seniori-najviac-potrebuju-pozornost.html 17.12.2018 B\u00e1novsk\u00e9 noviny newspaper - Christmas poll with city figures http:\/\/www.banovce.sk\/download_file_f.php?id=1063265 18.11.2018 catholic radio LUMEN\u2026","rel":"","context":"Podobn\u00fd pr\u00edspevok","img":{"alt_text":"","src":"","width":0,"height":0},"classes":[]},{"id":1369,"url":"https:\/\/www.vnucka.sk\/index.php\/en\/said-about-us\/","url_meta":{"origin":1373,"position":3},"title":"Told about us","date":"13. decembra 2018","format":false,"excerpt":"They wrote about us on social media in our country : a selection of comments from the Slovak version Ivan \u0161vejna I have got interested in the social project of Janka Dani\u0161ova \u2013 professional granddaughter recently. She is taking care of lonely senior citizen for about a year, and their\u2026","rel":"","context":"Podobn\u00fd pr\u00edspevok","img":{"alt_text":"","src":"","width":0,"height":0},"classes":[]}],"jetpack_likes_enabled":false,"_links":{"self":[{"href":"https:\/\/www.vnucka.sk\/index.php\/wp-json\/wp\/v2\/pages\/1373"}],"collection":[{"href":"https:\/\/www.vnucka.sk\/index.php\/wp-json\/wp\/v2\/pages"}],"about":[{"href":"https:\/\/www.vnucka.sk\/index.php\/wp-json\/wp\/v2\/types\/page"}],"author":[{"embeddable":true,"href":"https:\/\/www.vnucka.sk\/index.php\/wp-json\/wp\/v2\/users\/1"}],"replies":[{"embeddable":true,"href":"https:\/\/www.vnucka.sk\/index.php\/wp-json\/wp\/v2\/comments?post=1373"}],"version-history":[{"count":22,"href":"https:\/\/www.vnucka.sk\/index.php\/wp-json\/wp\/v2\/pages\/1373\/revisions"}],"predecessor-version":[{"id":1789,"href":"https:\/\/www.vnucka.sk\/index.php\/wp-json\/wp\/v2\/pages\/1373\/revisions\/1789"}],"wp:attachment":[{"href":"https:\/\/www.vnucka.sk\/index.php\/wp-json\/wp\/v2\/media?parent=1373"}],"curies":[{"name":"wp","href":"https:\/\/api.w.org\/{rel}","templated":true}]}}