{"id":19,"date":"2017-10-09T18:36:56","date_gmt":"2017-10-09T16:36:56","guid":{"rendered":"http:\/\/www.vnucka.sk\/?page_id=19"},"modified":"2025-02-26T18:01:14","modified_gmt":"2025-02-26T17:01:14","slug":"akotofunguje","status":"publish","type":"page","link":"https:\/\/www.vnucka.sk\/index.php\/akotofunguje\/","title":{"rendered":"Ako to funguje"},"content":{"rendered":"<p><em><div id=\"metaslider-id-1238\" style=\"max-width: 700px;\" class=\"ml-slider-3-27-13 metaslider metaslider-flex metaslider-1238 ml-slider\">\n    <div id=\"metaslider_container_1238\">\n        <div id=\"metaslider_1238\">\n            <ul aria-live=\"polite\" class=\"slides\">\n                <li style=\"display: block; width: 100%;\" class=\"slide-1244 ms-image\"><img src=\"https:\/\/www.vnucka.sk\/wp-content\/uploads\/2019\/12\/IMG_6656-700x300.jpg\" height=\"300\" width=\"700\" alt=\"\" class=\"slider-1238 slide-1244\" title=\"IMG_6656\" \/><\/li>\n                <li style=\"display: none; width: 100%;\" class=\"slide-1263 ms-image\"><img src=\"https:\/\/www.vnucka.sk\/wp-content\/uploads\/2019\/11\/20190930_180402-700x300.jpg\" height=\"300\" width=\"700\" alt=\"\" class=\"slider-1238 slide-1263\" title=\"20190930_180402\" \/><\/li>\n                <li style=\"display: none; width: 100%;\" class=\"slide-1245 ms-image\"><img src=\"https:\/\/www.vnucka.sk\/wp-content\/uploads\/2018\/10\/20180525_181559-700x300.jpg\" height=\"300\" width=\"700\" alt=\"\" class=\"slider-1238 slide-1245\" title=\"20180525_181559\" \/><\/li>\n                <li style=\"display: none; width: 100%;\" class=\"slide-1246 ms-image\"><img src=\"https:\/\/www.vnucka.sk\/wp-content\/uploads\/2018\/10\/DSCF4012-700x300.jpg\" height=\"300\" width=\"700\" alt=\"\" class=\"slider-1238 slide-1246\" \/><\/li>\n                <li style=\"display: none; width: 100%;\" class=\"slide-1247 ms-image\"><img src=\"https:\/\/www.vnucka.sk\/wp-content\/uploads\/2018\/10\/DSCF6632-700x300.jpg\" height=\"300\" width=\"700\" alt=\"\" class=\"slider-1238 slide-1247\" \/><\/li>\n                <li style=\"display: none; width: 100%;\" class=\"slide-1248 ms-image\"><img src=\"https:\/\/www.vnucka.sk\/wp-content\/uploads\/2018\/10\/IMG_9895-700x300.jpg\" height=\"300\" width=\"700\" alt=\"\" class=\"slider-1238 slide-1248\" title=\"IMG_9895\" \/><\/li>\n            <\/ul>\n        <\/div>\n        \n    <\/div>\n<\/div><br \/>\n<\/em><\/p>\n<p><em><strong>Jedn\u00e9ho d\u0148a zostarneme v\u0161etci, ak budeme ma\u0165 to \u0161\u0165astie.<\/strong><\/em><\/p>\n<p><em>Soci\u00e1lny projekt VNU\u010cKA, ocenen\u00fd ako Soci\u00e1lny \u010din roku 2018 a Kri\u0161t\u00e1\u013eov\u00fdm kr\u00eddlom 2018 v oblasti filantropia, in\u0161piruje vytv\u00e1ra\u0165 rodinu pre osamel\u00fdch seniorov, aby sa nec\u00edtili opusten\u00ed a frustrovan\u00ed zo samoty, ktor\u00e1 m\u00f4\u017ee vznikn\u00fa\u0165 z r\u00f4znych d\u00f4vodov. Ma\u0165 pri sebe spo\u013eahliv\u00e9ho bl\u00edzkeho \u010dloveka je pre \u013eud\u00ed \u017eij\u00facich osamelo priam vyk\u00fapen\u00edm zo \u0161ed\u00fdch rovnako plyn\u00facich dn\u00ed \u2026\u00a0<strong><br \/>\n<\/strong><br \/>\nPocit osamelosti vznik\u00e1 \u010dasto ako n\u00e1sledok straty kontaktu s bl\u00edzkymi z r\u00f4znych d\u00f4vodov ako napr. zmena bydliska, pr\u00e1ce, ods\u0165ahovanie, zanepr\u00e1zdnenos\u0165, \u010di straty kontaktu s priate\u013emi, spolo\u010densk\u00fdm \u017eivotom, alebo verejnos\u0165ou. Tak\u00edto \u013eudia sa potom tr\u00e1pia v depresi\u00e1ch bez \u013eudsk\u00e9ho kontaktu \u2013 zabudnut\u00ed, opusten\u00ed \u010di u\u017e vo svojich bytoch, domoch alebo domovoch d\u00f4chodcov, nemaj\u00fa sa s k\u00fdm porozpr\u00e1va\u0165, nikto sa o nich nezauj\u00edma, nekontaktuje, nenav\u0161tevuje \u2026<br \/>\n<\/em><\/p>\n<p><em>Nie je v na\u0161ich sil\u00e1ch zabezpe\u010di\u0165 zmiernenie dopadu starnutia pre v\u0161etk\u00fdch, ale ak v\u0161etci urob\u00edme k\u00fasok pre nich, pom\u00f4\u017eeme mnoh\u00fdm. A presne o to n\u00e1m ide &#8211; in\u0161pirova\u0165 \u010do najviac \u013eud\u00ed, aby sa zauj\u00edmali o seniorov. N\u00e1vod ako na to &#8211; ak chcete seniorom spr\u00edjemni\u0165 starnutie a vytvori\u0165 im pocit domova, rodiny, tak sk\u00faste napr\u00edklad :<\/em><\/p>\n<p><em>&#8211; nav\u0161t\u00edvte ich<br \/>\n&#8211; str\u00e1vte s nimi \u010das<br \/>\n&#8211; zoberte ich do spolo\u010dnosti<br \/>\n&#8211; rozpr\u00e1vajte sa<br \/>\n&#8211; zanechajte dobr\u00fd dojem<br \/>\n&#8211; sna\u017ete sa ich pochopi\u0165<br \/>\n&#8211; vy\u010darujte im na tv\u00e1ri \u00fasmev<br \/>\n&#8211; urobte pre nich nie\u010do, \u010do im prinesie rados\u0165<br \/>\n&#8211; pochopte ich<br \/>\n&#8211; volajte im pravidelne<br \/>\n&#8211; nak\u00fapte im potraviny<br \/>\n&#8211; hrajte spolu hry<br \/>\n&#8211; cho\u010fte do pr\u00edrody, na prech\u00e1dzku<br \/>\n&#8211; nav\u0161t\u00edvte kult\u00farne podujatia<br \/>\n&#8211; zoberte ich na dovolenku<br \/>\n&#8211; adoptujte si ich ako n\u00e1hradn\u00fdch star\u00fdch rodi\u010dov<br \/>\n&#8211; &#8230;<\/em><\/p>\n<p><em>Aj tak\u00e9to nie\u010do sme spolu za\u017eili &#8211; in\u0161pirujete sa ?<br \/>\n<\/em><\/p>\n<p><span class=\"embed-youtube\" style=\"text-align:center; display: block;\"><iframe loading=\"lazy\" class=\"youtube-player\" width=\"605\" height=\"341\" src=\"https:\/\/www.youtube.com\/embed\/69lcE22EnH0?version=3&#038;rel=1&#038;showsearch=0&#038;showinfo=1&#038;iv_load_policy=1&#038;fs=1&#038;hl=sk-SK&#038;autohide=2&#038;wmode=transparent\" allowfullscreen=\"true\" style=\"border:0;\" sandbox=\"allow-scripts allow-same-origin allow-popups allow-presentation\"><\/iframe><\/span><\/p>\n<hr \/>\n<p style=\"text-align: right;\"><div id=\"polls-3\" class=\"wp-polls\">\n\t<form id=\"polls_form_3\" class=\"wp-polls-form\" action=\"\/index.php\" method=\"post\">\n\t\t<p style=\"display: none;\"><input type=\"hidden\" id=\"poll_3_nonce\" name=\"wp-polls-nonce\" value=\"d6aa4d01ac\" \/><\/p>\n\t\t<p style=\"display: none;\"><input type=\"hidden\" name=\"poll_id\" value=\"3\" \/><\/p>\n\t\t<p style=\"text-align: center\"><strong>Kde sa \u017eije seniorom najlep\u0161ie ?<\/strong><\/p><div id=\"polls-3-ans\" class=\"wp-polls-ans\"><ul class=\"wp-polls-ul\">\n\t\t<li><input type=\"radio\" id=\"poll-answer-10\" name=\"poll_3\" value=\"10\" \/> <label for=\"poll-answer-10\">sami vo vlastnom byte, dome - nez\u00e1vislos\u0165, sloboda<\/label><\/li>\n\t\t<li><input type=\"radio\" id=\"poll-answer-11\" name=\"poll_3\" value=\"11\" \/> <label for=\"poll-answer-11\">v domove pre seniorov - rovesn\u00edci, strava, starostlivos\u0165<\/label><\/li>\n\t\t<li><input type=\"radio\" id=\"poll-answer-12\" name=\"poll_3\" value=\"12\" \/> <label for=\"poll-answer-12\">kdeko\u013evek, ale so svojou rodinou - pokojn\u00e1 staroba<\/label><\/li>\n\t\t<li><input type=\"radio\" id=\"poll-answer-13\" name=\"poll_3\" value=\"13\" \/> <label for=\"poll-answer-13\">viacer\u00ed spolu ako mal\u00e1 komunita - vz\u00e1jomn\u00e1 pomoc<\/label><\/li>\n\t\t<\/ul>\r\n<p style=\"text-align: center\"><input type=\"button\" name=\"Hlasova\u0165\/Vote\" value=\"   Hlasova\u0165\/Vote   \" class=\"Buttons\" onclick=\"poll_vote(3);\" \/><\/p>\r\n<p style=\"text-align: center\"><a href=\"#ViewPollResults\" onclick=\"poll_result(3); return false;\" title=\"View Results Of This Poll\">Zobrazi\u0165 v\u00fdsledky\/Results<\/a><\/p>\r\n<\/div>\n\t<\/form>\n<\/div>\n<div id=\"polls-3-loading\" class=\"wp-polls-loading\"><img src=\"https:\/\/www.vnucka.sk\/wp-content\/plugins\/wp-polls\/images\/loading.gif\" width=\"16\" height=\"16\" alt=\"Loading ...\" title=\"Loading ...\" class=\"wp-polls-image\" \/>&nbsp;Loading ...<\/div>\n<br \/>\n<a href=\"http:\/\/www.vnucka.sk\/index.php\/pribeh\/\"><em>Pr\u00edbeh vnu\u010dky =&gt;<\/em><\/a><\/p>\n","protected":false},"excerpt":{"rendered":"<p>Jedn\u00e9ho d\u0148a zostarneme v\u0161etci, ak budeme ma\u0165 to \u0161\u0165astie. Soci\u00e1lny projekt VNU\u010cKA, ocenen\u00fd ako Soci\u00e1lny \u010din roku 2018 a Kri\u0161t\u00e1\u013eov\u00fdm kr\u00eddlom 2018 v oblasti filantropia, in\u0161piruje vytv\u00e1ra\u0165 rodinu pre osamel\u00fdch seniorov, aby sa nec\u00edtili opusten\u00ed a frustrovan\u00ed zo samoty, ktor\u00e1 &hellip;<\/p>\n<p class=\"read-more\"> <a class=\"\" href=\"https:\/\/www.vnucka.sk\/index.php\/akotofunguje\/\"> <span class=\"screen-reader-text\">Ako to funguje<\/span> Read More &raquo;<\/a><\/p>\n","protected":false},"author":1,"featured_media":0,"parent":0,"menu_order":0,"comment_status":"closed","ping_status":"closed","template":"content-sidebar-page.php","meta":[],"jetpack_sharing_enabled":true,"jetpack_shortlink":"https:\/\/wp.me\/P9gi65-j","jetpack-related-posts":[{"id":22,"url":"https:\/\/www.vnucka.sk\/","url_meta":{"origin":19,"position":0},"title":"Vnu\u010dka.sk","date":"9. okt\u00f3bra 2017","format":false,"excerpt":"Jedine\u010dn\u00e1 kniha od autorky origin\u00e1lneho projektu\u00a0 PROFESION\u00c1LNA VNU\u010cKA - 224 str\u00e1n p\u00fatav\u00e9ho \u010d\u00edtania o t\u00e9me, ktor\u00e1 sa t\u00fdka n\u00e1s v\u0161etk\u00fdch a o ktorej doteraz nikto nep\u00edsal. Pr\u00edbehy pln\u00e9 \u017eivota, ale aj smrti, lebo tak\u00fd je poriadok sveta, ne\u013e\u00fatostne spravodliv\u00fd. Pasce osamelosti bez n\u00e1vratu, zlo\u017eitos\u0165 vz\u0165ahov naprie\u010d gener\u00e1ciami, elix\u00edr \u017eivota na\u2026","rel":"","context":"Podobn\u00fd pr\u00edspevok","img":{"alt_text":"","src":"https:\/\/i0.wp.com\/www.vnucka.sk\/wp-content\/uploads\/2019\/11\/74687728_1705243299610736_7918785921242103808_o.jpg?resize=350%2C200&ssl=1","width":350,"height":200},"classes":[]},{"id":18,"url":"https:\/\/www.vnucka.sk\/index.php\/pribeh\/","url_meta":{"origin":19,"position":1},"title":"Pr\u00edbeh vnu\u010dky","date":"9. okt\u00f3bra 2017","format":false,"excerpt":"Projekt VNU\u010cKA.sk, ktor\u00fd in\u0161piruje \u013eud\u00ed vytv\u00e1ra\u0165 RODINU pre osamel\u00fdch seniorov, imobiln\u00fdch \u013eud\u00ed, \u010di pacientov prip\u00fatan\u00fdch na l\u00f4\u017eko, vznikol v roku 2017 v\u010faka rovnak\u00e9mu my\u0161lienkov\u00e9mu naladeniu, podobn\u00fdm sk\u00fasenostiam a prirodzenej potrebe by\u0165 prospe\u0161n\u00e1. V janu\u00e1ri 2019 sme z\u00edskali najprest\u00ed\u017enej\u0161ie ocenenie za \u013eudsk\u00e9 sna\u017eenie v na\u0161ej krajine. Kri\u0161t\u00e1\u013eov\u00e9 kr\u00eddlo 2018 v kateg\u00f3rii\u2026","rel":"","context":"Podobn\u00fd pr\u00edspevok","img":{"alt_text":"","src":"https:\/\/i0.wp.com\/www.vnucka.sk\/wp-content\/uploads\/2019\/01\/IMG_3152-e1548772824871.jpg?resize=350%2C200","width":350,"height":200},"classes":[]},{"id":895,"url":"https:\/\/www.vnucka.sk\/index.php\/vnucka-v-mediach\/","url_meta":{"origin":19,"position":2},"title":"M\u00e9dia o vnu\u010dke","date":"16. febru\u00e1ra 2018","format":false,"excerpt":"9. decembra 2021RTVS rel\u00e1cia Siln\u00e1 zostava na t\u00e9mu Starnutie s gr\u00e1ciou p\u00e1r slov aj za projekt Vnu\u010dkahttps:\/\/www.rtvs.sk\/televizia\/archiv\/15242\/29909126. okt\u00f3bra 2020B\u00e1novsk\u00e9 noviny - \u010dl\u00e1nok o aktivit\u00e1ch Vnu\u010dka.sk z pera \u0161\u00e9fredaktorky Aleny Borsz\u00e9kovejhttps:\/\/www.banovce.sk\/download_file_f.php?id=14095879. m\u00e1ja 2020Tren\u010dianske noviny - odpovede pre \u0161\u00e9fredaktora, ako funguje projekt po\u010das korona v\u00edrusuhttps:\/\/mytrencin.sme.sk\/c\/22400892\/stretnutia-so-seniormi-v-tejto-dobe-nahradili-telefonaty.html26.4.2020Noviny Pravda - ve\u013ek\u00e1 report\u00e1\u017e Martina Harvana o\u2026","rel":"","context":"Podobn\u00fd pr\u00edspevok","img":{"alt_text":"","src":"https:\/\/i0.wp.com\/www.vnucka.sk\/wp-content\/uploads\/2020\/04\/2642020pravda.jpg?resize=350%2C200&ssl=1","width":350,"height":200},"classes":[]},{"id":20,"url":"https:\/\/www.vnucka.sk\/index.php\/podpora\/","url_meta":{"origin":19,"position":3},"title":"Podporte","date":"9. okt\u00f3bra 2017","format":false,"excerpt":"\u010d\u00edslo \u00fa\u010dtu : SK8383300000002401332830 FIO BANKA BIC SWIFT : FIOZSKBAXXX K\u00fapou jedine\u010dnej knihy Profesion\u00e1lna Vnu\u010dkaza Vami zvolen\u00fa cenu priamo od autorky, obdr\u017e\u00edte ju aj s podpisom a osobn\u00fdm venovan\u00edm. Objedna\u0165 si ju m\u00f4\u017eete emailom na\u00a0 janka@vnucka.sk Darovan\u00edm - aktu\u00e1lne by sme potrebovali ...- mobilu, tabletu, notebooku, po\u010d\u00edta\u010da, projektoru pre vzdel\u00e1vacie\u2026","rel":"","context":"Podobn\u00fd pr\u00edspevok","img":{"alt_text":"","src":"https:\/\/i0.wp.com\/www.vnucka.sk\/wp-content\/uploads\/2020\/10\/333-1024x726.jpg?resize=350%2C200","width":350,"height":200},"classes":[]}],"jetpack_likes_enabled":true,"_links":{"self":[{"href":"https:\/\/www.vnucka.sk\/index.php\/wp-json\/wp\/v2\/pages\/19"}],"collection":[{"href":"https:\/\/www.vnucka.sk\/index.php\/wp-json\/wp\/v2\/pages"}],"about":[{"href":"https:\/\/www.vnucka.sk\/index.php\/wp-json\/wp\/v2\/types\/page"}],"author":[{"embeddable":true,"href":"https:\/\/www.vnucka.sk\/index.php\/wp-json\/wp\/v2\/users\/1"}],"replies":[{"embeddable":true,"href":"https:\/\/www.vnucka.sk\/index.php\/wp-json\/wp\/v2\/comments?post=19"}],"version-history":[{"count":104,"href":"https:\/\/www.vnucka.sk\/index.php\/wp-json\/wp\/v2\/pages\/19\/revisions"}],"predecessor-version":[{"id":2496,"href":"https:\/\/www.vnucka.sk\/index.php\/wp-json\/wp\/v2\/pages\/19\/revisions\/2496"}],"wp:attachment":[{"href":"https:\/\/www.vnucka.sk\/index.php\/wp-json\/wp\/v2\/media?parent=19"}],"curies":[{"name":"wp","href":"https:\/\/api.w.org\/{rel}","templated":true}]}}